{"id":12402,"date":"2022-09-24T12:28:52","date_gmt":"2022-09-24T10:28:52","guid":{"rendered":"https:\/\/tresipunt.com\/?page_id=12402"},"modified":"2024-06-18T15:54:13","modified_gmt":"2024-06-18T13:54:13","slug":"politica-de-cookies","status":"publish","type":"page","link":"https:\/\/tresipunt.com\/es\/politica-de-cookies\/","title":{"rendered":"Pol\u00edtica de cookies"},"content":{"rendered":"\n<h2 class=\"wp-block-heading\">\u00bfQu\u00e9 es una cookie?<\/h2>\n\n\n\n<p>Una cookie es un fichero que se descarga en su ordenador o dispositivo m\u00f3vil al acceder a determinadas aplicaciones. Las cookies permiten a una p\u00e1gina web o aplicaci\u00f3n almacenar y recuperar informaci\u00f3n sobre los h\u00e1bitos de navegaci\u00f3n de un usuario o de su equipo y, dependiendo de la informaci\u00f3n que contengan y de la forma que se utilice su equipo, pueden utilizarse para reconocer al usuario. Las cookies no contienen ninguna clase de informaci\u00f3n personal espec\u00edfica y, la mayor\u00eda de las mismas, se borran del disco duro al finalizar la sesi\u00f3n de navegador (las denominadas&nbsp;<em>cookies de sesi\u00f3n<\/em>).<\/p>\n\n\n\n<p>La mayor\u00eda de los navegadores aceptan como est\u00e1ndar a las cookies y, con independencia de las mismas, permiten o impiden en los ajustes de seguridad las cookies temporales o memorizadas.<\/p>\n\n\n\n<div style=\"height:50px\" aria-hidden=\"true\" class=\"wp-block-spacer\"><\/div>\n\n\n\n<h2 class=\"wp-block-heading\">\u00bfPor qu\u00e9 3ipunt utiliza Cookies?<\/h2>\n\n\n\n<p>Utilizamos cookies con el objetivo de mejorar su experiencia como usuario, por lo tanto, son una parte importante de c\u00f3mo funciona nuestro Sitio Web. Entre otras finalidades, pueden ser utilizadas para recordar ciertos aspectos de su \u00faltima b\u00fasqueda para que las b\u00fasquedas posteriores resulten m\u00e1s r\u00e1pidas.<\/p>\n\n\n\n<div style=\"height:50px\" aria-hidden=\"true\" class=\"wp-block-spacer\"><\/div>\n\n\n\n<h2 class=\"wp-block-heading\">\u00bfQu\u00e9 informaci\u00f3n almacena una cookie?<\/h2>\n\n\n\n<p>La informaci\u00f3n que suele almacenar una cookie no es informaci\u00f3n considerada sensible, no almacena datos c\u00f3mo los bancarios, el D.N.I. ni el correo electr\u00f3nico. El usuario no es identificado como persona, sino que el servidor web le asocia a su navegador web.<\/p>\n\n\n\n<div style=\"height:50px\" aria-hidden=\"true\" class=\"wp-block-spacer\"><\/div>\n\n\n\n<h2 class=\"wp-block-heading\">\u00bfQu\u00e9 tipo de cookies puede utilizar este sitio web?<\/h2>\n\n\n\n<ul class=\"wp-block-list\">\n<li><strong>Cookies t\u00e9cnicas:<\/strong>&nbsp;Son aquellas que permiten al usuario la navegaci\u00f3n a trav\u00e9s de una p\u00e1gina web, plataforma o aplicaci\u00f3n y la utilizaci\u00f3n de las diferentes opciones o servicios que en ella existan como, por ejemplo, controlar el tr\u00e1fico y la comunicaci\u00f3n de datos, identificar la sesi\u00f3n, acceder a partes de acceso restringido, recordar los elementos que integran un pedido, realizar el proceso de compra de un pedido, realizar la solicitud de inscripci\u00f3n o participaci\u00f3n de un evento, utilizar elementos de seguridad durante la navegaci\u00f3n, almacenar contenidos para la difusi\u00f3n de videos o sonido o compartir contenidos a trav\u00e9s de redes sociales.<\/li>\n\n\n\n<li><strong>Cookies de personalizaci\u00f3n:<\/strong>&nbsp;Son aqu\u00e9llas que permiten al usuario acceder al servicio con algunas caracter\u00edsticas de car\u00e1cter general predefinidas en funci\u00f3n de una serie de criterios en el terminal del usuario como por ejemplo el idioma, el tipo de navegador a trav\u00e9s del cual accede al servicio, la configuraci\u00f3n regional desde donde accede al servicio, etc.<\/li>\n\n\n\n<li><strong>Cookies de sesi\u00f3n:<\/strong>&nbsp;Las cookies de sesi\u00f3n son memorizadas y \u00fanicamente tienen validez temporal, es decir, hasta que el usuario finaliza la navegaci\u00f3n por la p\u00e1gina web. Estas cookies no graban de forma permanente ninguna informaci\u00f3n en el disco duro de su ordenador.<\/li>\n\n\n\n<li><strong>Cookies de navegaci\u00f3n:<\/strong>&nbsp;El objetivo principal de las cookies de navegaci\u00f3n es evitar ofrecerles recomendaciones no afines a sus intereses y ofrecerles propuestas comerciales dirigidas y personalizadas. Estas cookies de navegaci\u00f3n basan su utilidad en el seguimiento temporal de la navegaci\u00f3n por Internet.<\/li>\n\n\n\n<li><strong>Cookies de an\u00e1lisis:&nbsp;<\/strong>Son aquellas que bien tratadas por nosotros o por terceros, nos permiten cuantificar en n\u00famero de usuarios y as\u00ed realizar la medici\u00f3n y an\u00e1lisis estad\u00edstico de la utilizaci\u00f3n que hacen los usuarios del servicio ofertado. Para ello se analiza su navegaci\u00f3n en nuestra p\u00e1gina web con el fin de mejorar la oferta de productos o servicios que le ofrecemos.<\/li>\n\n\n\n<li><strong>Cookies publicitarias:<\/strong>&nbsp;Son aqu\u00e9llas que, bien tratadas por nosotros o por terceros, nos permiten gestionar de la forma m\u00e1s eficaz posible la oferta de los espacios publicitarios que hay en la p\u00e1gina web, adecuando el contenido del anuncio al contenido del servicio solicitado o al uso que realice de nuestra p\u00e1gina web. Para ello podemos analizar sus h\u00e1bitos de navegaci\u00f3n en internet y podemos mostrarle publicidad relacionada con su perfil de navegaci\u00f3n.<\/li>\n<\/ul>\n\n\n\n<ul class=\"wp-block-list\">\n<li><strong>Cookies estad\u00edsticas:<\/strong>&nbsp;Son aquellas que bien tratadas por nosotros o por terceros, nos permiten cuantificar el n\u00famero de usuarios y as\u00ed realizar la medici\u00f3n y an\u00e1lisis estad\u00edstico de la utilizaci\u00f3n que hacen los usuarios de nuestro servicio. Para ello se analiza su navegaci\u00f3n en nuestra p\u00e1gina web con el fin de mejorar la oferta de productos o servicios que le ofrecemos.<\/li>\n\n\n\n<li><strong>Cookies funcionales<\/strong>: Son necesarias para mostrar correctamente la p\u00e1gina web y garantizar el correcto funcionamiento del sitio. Son cookies que ayudan al usuario a tener una mejor experiencia de la navegaci\u00f3n por el sitio.<\/li>\n<\/ul>\n\n\n\n<figure class=\"wp-block-table\"><table><thead><tr><th>Cookie<\/th><th>Descripci\u00f3n<\/th><th>Tipo<\/th><th>Caducidad<\/th><\/tr><\/thead><tbody><tr><td>CookieConsent [x2]<\/td><td>Almacena el estado de consentimiento de cookies del usuario para el dominio actual. <a href=\"https:\/\/www.mooveagency.com\/privacy-policy\/\" target=\"_blank\" rel=\"noreferrer noopener\">M\u00e1s informaci\u00f3n sobre este proveedor<\/a><\/td><td>HTTP<\/td><td>1 a\u00f1o<\/td><\/tr><tr><td>_ga<\/td><td>Se utiliza para enviar datos a Google Analytics sobre el dispositivo del visitante y su comportamiento. Rastrea al visitante a trav\u00e9s de dispositivos y canales de marketing. <a href=\"https:\/\/business.safety.google\/privacy\/\" target=\"_blank\" rel=\"noreferrer noopener\">M\u00e1s informaci\u00f3n sobre este proveedor<\/a><\/td><td>HTTP<\/td><td>2 a\u00f1os<\/td><\/tr><tr><td><em>ga<\/em>#<\/td><td>Se utiliza para enviar datos a Google Analytics sobre el dispositivo del visitante y su comportamiento. Rastrea al visitante a trav\u00e9s de dispositivos y canales de marketing. <a href=\"https:\/\/business.safety.google\/privacy\/\" target=\"_blank\" rel=\"noreferrer noopener\">M\u00e1s informaci\u00f3n sobre este proveedor<\/a><\/td><td>HTTP<\/td><td>2 a\u00f1os<\/td><\/tr><tr><td>Google<\/td><td><a href=\"https:\/\/business.safety.google\/privacy\/\" target=\"_blank\" rel=\"noreferrer noopener\">M\u00e1s informaci\u00f3n sobre este proveedor<\/a><\/td><td><\/td><td><\/td><\/tr><tr><td>Hotjar<\/td><td><a href=\"https:\/\/www.hotjar.com\/legal\/policies\/privacy\/\" target=\"_blank\" rel=\"noreferrer noopener\">M\u00e1s informaci\u00f3n sobre este proveedor<\/a><\/td><td><\/td><td><\/td><\/tr><\/tbody><\/table><\/figure>\n\n\n\n<div style=\"height:50px\" aria-hidden=\"true\" class=\"wp-block-spacer\"><\/div>\n\n\n\n<h2 class=\"wp-block-heading\">\u00bfQu\u00e9 son las cookies propias y las de terceros?<\/h2>\n\n\n\n<ul class=\"wp-block-list\">\n<li><strong>Cookies propias<\/strong>: Son aqu\u00e9llas que se env\u00edan al usuario desde un equipo o dominio gestionado por nosotros.<\/li>\n\n\n\n<li><strong>Cookies de terceros<\/strong>: Ser\u00edan las generadas por servicios o proveedores externos como Facebook, Twitter, Google, etc<\/li>\n<\/ul>\n\n\n\n<div style=\"height:50px\" aria-hidden=\"true\" class=\"wp-block-spacer\"><\/div>\n\n\n\n<h2 class=\"wp-block-heading\">\u00bfSe pueden desactivar o eliminar las cookies?<\/h2>\n\n\n\n<p>Usted puede rechazar el tratamiento de los datos o informaci\u00f3n recogidos por las cookies en cualquier momento, mediante la configuraci\u00f3n de las opciones de su navegador de Internet. Puede permitir, bloquear (de forma general o particular para un dominio espec\u00edfico) o eliminar las cookies instaladas en su equipo.<\/p>\n\n\n\n<p>Sin embargo, esto podr\u00eda afectar la \u00f3ptima navegaci\u00f3n de nuestro sitio web, ya que algunas funcionalidades se desactivar\u00edan y la visualizaci\u00f3n de algunas herramientas se podr\u00eda ver perjudicada.<\/p>\n\n\n\n<p>Para m\u00e1s informaci\u00f3n sobre&nbsp;<strong>Firefox<\/strong>&nbsp;pulse aqu\u00ed:<\/p>\n\n\n\n<p><a href=\"http:\/\/support.mozilla.org\/es\/kb\/cookies-informacion-que-los-sitios-web-guardan-en-#w_configurar-las-cookies\" target=\"_blank\" rel=\"noreferrer noopener\">http:\/\/support.mozilla.org\/es\/kb\/cookies-informacion-que-los-sitios-web-guardan-en-#w_configurar-las-cookies<\/a>.<\/p>\n\n\n\n<p>Para m\u00e1s informaci\u00f3n sobre&nbsp;<strong>Chrome<\/strong>&nbsp;pulse aqu\u00ed:<\/p>\n\n\n\n<p><a href=\"http:\/\/support.google.com\/chrome\/bin\/answer.py?hl=es&amp;answer=95647\" target=\"_blank\" rel=\"noreferrer noopener\">http:\/\/support.google.com\/chrome\/bin\/answer.py?hl=es&amp;answer=95647<\/a>.<\/p>\n\n\n\n<p>Para m\u00e1s informaci\u00f3n sobre&nbsp;<strong>Explorer<\/strong>&nbsp;pulse aqu\u00ed:<\/p>\n\n\n\n<p><a href=\"https:\/\/support.microsoft.com\/es-es\/help\/17442\/windows-internet-explorer-delete-manage-cookies\" target=\"_blank\" rel=\"noreferrer noopener\">https:\/\/support.microsoft.com\/es-es\/help\/17442\/windows-internet-explorer-delete-manage-cookies<\/a><\/p>\n\n\n\n<p>Para m\u00e1s informaci\u00f3n sobre&nbsp;<strong>Safari<\/strong>&nbsp;pulse aqu\u00ed:<\/p>\n\n\n\n<p><a href=\"http:\/\/support.apple.com\/kb\/ph5042\" target=\"_blank\" rel=\"noreferrer noopener\">http:\/\/support.apple.com\/kb\/ph5042<\/a>.<\/p>\n\n\n\n<p>Para m\u00e1s informaci\u00f3n sobre&nbsp;<strong>Opera<\/strong>&nbsp;pulse aqu\u00ed:<\/p>\n\n\n\n<p><a href=\"http:\/\/help.opera.com\/Windows\/11.50\/esES\/cookies.html\" target=\"_blank\" rel=\"noreferrer noopener\">http:\/\/help.opera.com\/Windows\/11.50\/esES\/cookies.html<\/a>.<\/p>\n\n\n\n<p>El usuario acepta expresamente, por la utilizaci\u00f3n de este Site, el tratamiento de la informaci\u00f3n recabada en la forma y con los fines anteriormente mencionados.<\/p>\n\n\n\n<p>Y de la misma forma reconoce la posibilidad de rechazar el tratamiento de los datos o informaci\u00f3n, rechazando el uso de las cookies mediante la selecci\u00f3n de la configuraci\u00f3n apropiada a tal fin en su navegador. Si bien esta opci\u00f3n de bloqueo de Cookies en su navegador puede no permitirle el uso pleno de todas las funcionalidades del Website.<\/p>\n\n\n\n<div style=\"height:50px\" aria-hidden=\"true\" class=\"wp-block-spacer\"><\/div>\n\n\n\n<div class=\"wp-block-buttons is-layout-flex wp-block-buttons-is-layout-flex\">\n<div class=\"wp-block-button aligncenter\"><a class=\"wp-block-button__link wp-element-button\" href=\"#gdpr_cookie_modal\">Configurar las cookies<\/a><\/div>\n<\/div>\n\n\n\n<div style=\"height:100px\" aria-hidden=\"true\" class=\"wp-block-spacer\"><\/div>\n","protected":false},"excerpt":{"rendered":"<p>\u00bfQu\u00e9 es una cookie? Una cookie es un fichero que se descarga en su ordenador o dispositivo m\u00f3vil al acceder a determinadas aplicaciones. Las cookies permiten a una p\u00e1gina web [&hellip;]<\/p>\n","protected":false},"author":1,"featured_media":0,"parent":0,"menu_order":0,"comment_status":"closed","ping_status":"closed","template":"","meta":{"_acf_changed":false,"inline_featured_image":false,"advgb_blocks_editor_width":"","advgb_blocks_columns_visual_guide":"","site-sidebar-layout":"default","site-content-layout":"","ast-site-content-layout":"default","site-content-style":"default","site-sidebar-style":"default","ast-global-header-display":"","ast-banner-title-visibility":"","ast-main-header-display":"","ast-hfb-above-header-display":"","ast-hfb-below-header-display":"","ast-hfb-mobile-header-display":"","site-post-title":"","ast-breadcrumbs-content":"","ast-featured-img":"","footer-sml-layout":"","ast-disable-related-posts":"","theme-transparent-header-meta":"","adv-header-id-meta":"","stick-header-meta":"","header-above-stick-meta":"","header-main-stick-meta":"","header-below-stick-meta":"","astra-migrate-meta-layouts":"set","ast-page-background-enabled":"default","ast-page-background-meta":{"desktop":{"background-color":"var(--ast-global-color-4)","background-image":"","background-repeat":"repeat","background-position":"center center","background-size":"auto","background-attachment":"scroll","background-type":"","background-media":"","overlay-type":"","overlay-color":"","overlay-opacity":"","overlay-gradient":""},"tablet":{"background-color":"","background-image":"","background-repeat":"repeat","background-position":"center center","background-size":"auto","background-attachment":"scroll","background-type":"","background-media":"","overlay-type":"","overlay-color":"","overlay-opacity":"","overlay-gradient":""},"mobile":{"background-color":"","background-image":"","background-repeat":"repeat","background-position":"center center","background-size":"auto","background-attachment":"scroll","background-type":"","background-media":"","overlay-type":"","overlay-color":"","overlay-opacity":"","overlay-gradient":""}},"ast-content-background-meta":{"desktop":{"background-color":"var(--ast-global-color-5)","background-image":"","background-repeat":"repeat","background-position":"center center","background-size":"auto","background-attachment":"scroll","background-type":"","background-media":"","overlay-type":"","overlay-color":"","overlay-opacity":"","overlay-gradient":""},"tablet":{"background-color":"var(--ast-global-color-5)","background-image":"","background-repeat":"repeat","background-position":"center center","background-size":"auto","background-attachment":"scroll","background-type":"","background-media":"","overlay-type":"","overlay-color":"","overlay-opacity":"","overlay-gradient":""},"mobile":{"background-color":"var(--ast-global-color-5)","background-image":"","background-repeat":"repeat","background-position":"center center","background-size":"auto","background-attachment":"scroll","background-type":"","background-media":"","overlay-type":"","overlay-color":"","overlay-opacity":"","overlay-gradient":""}},"_price":"","_stock":"","_tribe_ticket_header":"","_tribe_default_ticket_provider":"","_tribe_ticket_capacity":"0","_ticket_start_date":"","_ticket_end_date":"","_tribe_ticket_show_description":"","_tribe_ticket_show_not_going":false,"_tribe_ticket_use_global_stock":"","_tribe_ticket_global_stock_level":"","_global_stock_mode":"","_global_stock_cap":"","_tribe_rsvp_for_event":"","_tribe_ticket_going_count":"","_tribe_ticket_not_going_count":"","_tribe_tickets_list":"[]","_tribe_ticket_has_attendee_info_fields":false,"footnotes":""},"class_list":["post-12402","page","type-page","status-publish","hentry"],"acf":[],"coauthors":[],"author_meta":{"author_link":"https:\/\/tresipunt.com\/es\/author\/admin_tresipunt\/","display_name":"admin_tresipunt"},"relative_dates":{"created":"Publicado 4 a\u00f1os hace","modified":"Actualizado 2 a\u00f1os hace"},"absolute_dates":{"created":"Publicado el 24 de septiembre de 2022","modified":"Actualizado el 18 de junio de 2024"},"absolute_dates_time":{"created":"Publicado el 24 de septiembre de 2022 12:28","modified":"Actualizado el 18 de junio de 2024 15:54"},"featured_img_caption":"","featured_img":false,"series_order":"","_links":{"self":[{"href":"https:\/\/tresipunt.com\/es\/wp-json\/wp\/v2\/pages\/12402","targetHints":{"allow":["GET"]}}],"collection":[{"href":"https:\/\/tresipunt.com\/es\/wp-json\/wp\/v2\/pages"}],"about":[{"href":"https:\/\/tresipunt.com\/es\/wp-json\/wp\/v2\/types\/page"}],"author":[{"embeddable":true,"href":"https:\/\/tresipunt.com\/es\/wp-json\/wp\/v2\/users\/1"}],"replies":[{"embeddable":true,"href":"https:\/\/tresipunt.com\/es\/wp-json\/wp\/v2\/comments?post=12402"}],"version-history":[{"count":4,"href":"https:\/\/tresipunt.com\/es\/wp-json\/wp\/v2\/pages\/12402\/revisions"}],"predecessor-version":[{"id":30244,"href":"https:\/\/tresipunt.com\/es\/wp-json\/wp\/v2\/pages\/12402\/revisions\/30244"}],"wp:attachment":[{"href":"https:\/\/tresipunt.com\/es\/wp-json\/wp\/v2\/media?parent=12402"}],"curies":[{"name":"wp","href":"https:\/\/api.w.org\/{rel}","templated":true}]}}