{"id":16740,"date":"2022-12-01T16:45:06","date_gmt":"2022-12-01T15:45:06","guid":{"rendered":"https:\/\/tresipunt.com\/?page_id=16740"},"modified":"2024-05-21T13:46:29","modified_gmt":"2024-05-21T11:46:29","slug":"calidad","status":"publish","type":"page","link":"https:\/\/tresipunt.com\/es\/calidad\/","title":{"rendered":"Calidad"},"content":{"rendered":"\n<p><strong>3iPunt<\/strong> tiene como objetivo proporcionar un servicio de calidad que&nbsp; sea&nbsp; fiel&nbsp; reflejo de&nbsp; las expectativas en desarrollo de redes de telecomunicaciones de cada cliente, cumpliendo con todos los requisitos, asegur\u00e1ndole de esta manera la satisfacci\u00f3n total, y por tanto el \u00e9xito a lo largo plazo de la <strong>3iPunt<\/strong>.&nbsp;<\/p>\n\n\n\n<p>Todo ello se llevar\u00e1 a cabo manteniendo un respeto absoluto por el medioambiente y un cuidado y rigurosidad para prevenir los riesgos laborales, dotando de los recursos necesarios para ello.<\/p>\n\n\n\n<p>El <strong>Manual de Calidad<\/strong> se plantea como una herramienta eficaz para conseguir los anteriores objetivos. Por todo ello, establece, declara y asume los siguientes principios:<\/p>\n\n\n\n<ol class=\"wp-block-list\">\n<li>La calidad del servicio, el respeto por el medioambiente y la seguridad en el trabajo,&nbsp;es&nbsp;el&nbsp;resultado de acciones planificadas y sistem\u00e1ticas de <strong>PREVENCI\u00d3N, DETECCI\u00d3N, CORRECCI\u00d3N&nbsp;Y&nbsp;MEJORA&nbsp;CONTINUA<\/strong> en todos los procesos de <strong>3iPunt<\/strong>.<\/li>\n\n\n\n<li>Las exigencias contractuales, los deseos y las expectativas de los clientes, p\u00fablicos y privados, son el&nbsp;\u00fanico&nbsp;criterio&nbsp;para&nbsp; establecer&nbsp; el patr\u00f3n de calidad de nuestros servicios.<\/li>\n\n\n\n<li>Cada&nbsp; empleado&nbsp;de&nbsp;<strong>3iPunt<\/strong>,&nbsp;es&nbsp;responsable&nbsp;de&nbsp;la&nbsp;gesti\u00f3n <strong>EFICAZ <\/strong>de la calidad, el respeto por el medioambiente y el cumplimiento de las normas establecidas para prevenir los accidentes en su tarea y en la de los dem\u00e1s.&nbsp;<br>Los responsables de los procesos de <strong>3iPunt <\/strong>deben <strong>IMPULSAR <\/strong>la implantaci\u00f3n de la pol\u00edtica y los objetivos de Calidad y Medioambiente, comprobando su ejecuci\u00f3n mediante auditor\u00edas y fomentando la mejora continua en todas las \u00e1reas de <strong>3iPunt <\/strong><\/li>\n\n\n\n<li><strong>3iPunt <\/strong>asume activamente el compromiso de cumplir con la legislaci\u00f3n aplicable en todo momento, incluyendo la medioambiental, laboral y cualquier otra aplicable, evitar cualquier tipo de contaminaci\u00f3n que pueda producirse, y prevenir los da\u00f1os y el deterioro de la salud.<\/li>\n\n\n\n<li>La&nbsp; aplicaci\u00f3n&nbsp; de&nbsp; esta&nbsp; pol\u00edtica&nbsp; exige&nbsp; la integraci\u00f3n activa de todo el equipo&nbsp; humano de&nbsp; la&nbsp; <strong>3iPunt<\/strong>.&nbsp; Por&nbsp; todo ello,&nbsp; la Direcci\u00f3n considera prioritarias la <strong>MOTIVACI\u00d3N<\/strong> y la&nbsp; <strong>FORMACI\u00d3N <\/strong>para la <strong>CALIDAD Y MEDIOAMBIENTE<\/strong>.<\/li>\n\n\n\n<li><strong>3iPunt <\/strong>se compromete a la mejora continua, a prevenir la contaminaci\u00f3n del medio ambiente, el cumplimiento de la legislaci\u00f3n establecida para prevenir los accidentes en su tarea y en la de los dem\u00e1s, y a cumplir con los requisitos legales y reglamentarios y otros compromisos que la <strong>3iPunt <\/strong>suscriba, voluntarios o de clientes, que le sean de aplicaci\u00f3n en todas sus actividades.<\/li>\n<\/ol>\n\n\n\n<p><em>\u00daltim actualizaci\u00f3n: Diciembre 2023<\/em><\/p>\n\n\n\n<div style=\"height:100px\" aria-hidden=\"true\" class=\"wp-block-spacer\"><\/div>\n","protected":false},"excerpt":{"rendered":"<p>3iPunt tiene como objetivo proporcionar un servicio de calidad que&nbsp; sea&nbsp; fiel&nbsp; reflejo de&nbsp; las expectativas en desarrollo de redes de telecomunicaciones de cada cliente, cumpliendo con todos los requisitos, [&hellip;]<\/p>\n","protected":false},"author":4,"featured_media":0,"parent":0,"menu_order":0,"comment_status":"closed","ping_status":"closed","template":"","meta":{"_acf_changed":false,"inline_featured_image":false,"advgb_blocks_editor_width":"","advgb_blocks_columns_visual_guide":"","site-sidebar-layout":"default","site-content-layout":"","ast-site-content-layout":"default","site-content-style":"default","site-sidebar-style":"default","ast-global-header-display":"","ast-banner-title-visibility":"","ast-main-header-display":"","ast-hfb-above-header-display":"","ast-hfb-below-header-display":"","ast-hfb-mobile-header-display":"","site-post-title":"","ast-breadcrumbs-content":"","ast-featured-img":"","footer-sml-layout":"","ast-disable-related-posts":"","theme-transparent-header-meta":"","adv-header-id-meta":"","stick-header-meta":"","header-above-stick-meta":"","header-main-stick-meta":"","header-below-stick-meta":"","astra-migrate-meta-layouts":"set","ast-page-background-enabled":"default","ast-page-background-meta":{"desktop":{"background-color":"var(--ast-global-color-4)","background-image":"","background-repeat":"repeat","background-position":"center center","background-size":"auto","background-attachment":"scroll","background-type":"","background-media":"","overlay-type":"","overlay-color":"","overlay-opacity":"","overlay-gradient":""},"tablet":{"background-color":"","background-image":"","background-repeat":"repeat","background-position":"center center","background-size":"auto","background-attachment":"scroll","background-type":"","background-media":"","overlay-type":"","overlay-color":"","overlay-opacity":"","overlay-gradient":""},"mobile":{"background-color":"","background-image":"","background-repeat":"repeat","background-position":"center center","background-size":"auto","background-attachment":"scroll","background-type":"","background-media":"","overlay-type":"","overlay-color":"","overlay-opacity":"","overlay-gradient":""}},"ast-content-background-meta":{"desktop":{"background-color":"var(--ast-global-color-5)","background-image":"","background-repeat":"repeat","background-position":"center center","background-size":"auto","background-attachment":"scroll","background-type":"","background-media":"","overlay-type":"","overlay-color":"","overlay-opacity":"","overlay-gradient":""},"tablet":{"background-color":"var(--ast-global-color-5)","background-image":"","background-repeat":"repeat","background-position":"center center","background-size":"auto","background-attachment":"scroll","background-type":"","background-media":"","overlay-type":"","overlay-color":"","overlay-opacity":"","overlay-gradient":""},"mobile":{"background-color":"var(--ast-global-color-5)","background-image":"","background-repeat":"repeat","background-position":"center center","background-size":"auto","background-attachment":"scroll","background-type":"","background-media":"","overlay-type":"","overlay-color":"","overlay-opacity":"","overlay-gradient":""}},"_price":"","_stock":"","_tribe_ticket_header":"","_tribe_default_ticket_provider":"","_tribe_ticket_capacity":"0","_ticket_start_date":"","_ticket_end_date":"","_tribe_ticket_show_description":"","_tribe_ticket_show_not_going":false,"_tribe_ticket_use_global_stock":"","_tribe_ticket_global_stock_level":"","_global_stock_mode":"","_global_stock_cap":"","_tribe_rsvp_for_event":"","_tribe_ticket_going_count":"","_tribe_ticket_not_going_count":"","_tribe_tickets_list":"[]","_tribe_ticket_has_attendee_info_fields":false,"footnotes":""},"class_list":["post-16740","page","type-page","status-publish","hentry"],"acf":[],"coauthors":[],"author_meta":{"author_link":"https:\/\/tresipunt.com\/es\/author\/aillan\/","display_name":"Alba Illan"},"relative_dates":{"created":"Publicado 3 a\u00f1os hace","modified":"Actualizado 2 a\u00f1os hace"},"absolute_dates":{"created":"Publicado el 1 de diciembre de 2022","modified":"Actualizado el 21 de mayo de 2024"},"absolute_dates_time":{"created":"Publicado el 1 de diciembre de 2022 16:45","modified":"Actualizado el 21 de mayo de 2024 13:46"},"featured_img_caption":"","featured_img":false,"series_order":"","_links":{"self":[{"href":"https:\/\/tresipunt.com\/es\/wp-json\/wp\/v2\/pages\/16740","targetHints":{"allow":["GET"]}}],"collection":[{"href":"https:\/\/tresipunt.com\/es\/wp-json\/wp\/v2\/pages"}],"about":[{"href":"https:\/\/tresipunt.com\/es\/wp-json\/wp\/v2\/types\/page"}],"author":[{"embeddable":true,"href":"https:\/\/tresipunt.com\/es\/wp-json\/wp\/v2\/users\/4"}],"replies":[{"embeddable":true,"href":"https:\/\/tresipunt.com\/es\/wp-json\/wp\/v2\/comments?post=16740"}],"version-history":[{"count":5,"href":"https:\/\/tresipunt.com\/es\/wp-json\/wp\/v2\/pages\/16740\/revisions"}],"predecessor-version":[{"id":29296,"href":"https:\/\/tresipunt.com\/es\/wp-json\/wp\/v2\/pages\/16740\/revisions\/29296"}],"wp:attachment":[{"href":"https:\/\/tresipunt.com\/es\/wp-json\/wp\/v2\/media?parent=16740"}],"curies":[{"name":"wp","href":"https:\/\/api.w.org\/{rel}","templated":true}]}}