{"id":18,"date":"2022-08-22T19:26:36","date_gmt":"2022-08-22T17:26:36","guid":{"rendered":"https:\/\/tresipunt.com\/?page_id=18"},"modified":"2025-04-15T10:13:08","modified_gmt":"2025-04-15T08:13:08","slug":"contenidos-elearning","status":"publish","type":"page","link":"https:\/\/tresipunt.com\/es\/contenidos-elearning\/","title":{"rendered":"Contenidos"},"content":{"rendered":"\n<div class=\"wp-block-cover alignfull is-light bg-cover-image\" style=\"min-height:700px;aspect-ratio:unset;\"><span aria-hidden=\"true\" class=\"wp-block-cover__background has-background-dim-0 has-background-dim\"><\/span><img loading=\"lazy\" decoding=\"async\" width=\"1921\" height=\"701\" class=\"wp-block-cover__image-background wp-image-12047\" alt=\"Dise\u00f1o contenidos HTML\/SCORM\" src=\"https:\/\/tresipunt.com\/wp-content\/uploads\/2022\/09\/contenidos_banner.jpg\" style=\"object-position:50% 20%\" data-object-fit=\"cover\" data-object-position=\"50% 20%\" srcset=\"https:\/\/tresipunt.com\/wp-content\/uploads\/2022\/09\/contenidos_banner.jpg 1921w, https:\/\/tresipunt.com\/wp-content\/uploads\/2022\/09\/contenidos_banner-300x109.jpg 300w, https:\/\/tresipunt.com\/wp-content\/uploads\/2022\/09\/contenidos_banner-1024x374.jpg 1024w, https:\/\/tresipunt.com\/wp-content\/uploads\/2022\/09\/contenidos_banner-768x280.jpg 768w, https:\/\/tresipunt.com\/wp-content\/uploads\/2022\/09\/contenidos_banner-1536x561.jpg 1536w\" sizes=\"auto, (max-width: 1921px) 100vw, 1921px\" \/><div class=\"wp-block-cover__inner-container is-layout-flow wp-block-cover-is-layout-flow\">\n<div class=\"wp-block-columns is-layout-flex wp-container-core-columns-is-layout-28f84493 wp-block-columns-is-layout-flex\">\n<div class=\"wp-block-column is-layout-flow wp-block-column-is-layout-flow\">\n<h1 class=\"wp-block-heading has-ast-global-color-5-color has-text-color has-link-color wp-elements-f81b2951f2ff14b59312631f2e24dee9\">Dise\u00f1o de contenidos elearning<\/h1>\n\n\n\n<p class=\"has-ast-global-color-5-color has-text-color has-link-color wp-elements-dea632ce5b90145b8fe483dde0a28787\">Te ayudamos a crear experiencias elearning dise\u00f1ando contenidos en HTML\/SCORM, por eso nos diferenciamos en ofrecer desarrollos de contenidos con un dise\u00f1o atractivo y de alta interactividad.<\/p>\n\n\n\n<p class=\"has-ast-global-color-5-color has-text-color has-link-color wp-elements-151532fe9d36e6405687f107a8ab6624\">Cada proyecto lo enfocamos de forma personalizada para que cumpla su propio objetivo. Nuestro equipo est\u00e1 formado por personas especializadas en pedagog\u00eda, dise\u00f1o instruccional, dise\u00f1o gr\u00e1fico, desarrollo y animaci\u00f3n.<\/p>\n<\/div>\n\n\n\n<div class=\"wp-block-column is-layout-flow wp-block-column-is-layout-flow\"><\/div>\n<\/div>\n<\/div><\/div>\n\n\n\n<div class=\"inherit-container-width wp-block-group alignfull is-layout-constrained wp-block-group-is-layout-constrained\">\n<div class=\"inherit-container-width wp-block-group alignfull is-layout-constrained wp-block-group-is-layout-constrained\">\n<p class=\"has-text-align-center section-title h4 orange-square\"><strong>Servicios<\/strong><\/p>\n\n\n\n<h2 class=\"wp-block-heading has-text-align-center\" style=\"margin-bottom:5px;font-size:34px\">Somos proveedores de contenidos e-learning creativos y flexibles<\/h2>\n\n\n\n<p class=\"has-text-align-center\" style=\"font-size:24px\">Aceptamos los retos y por eso no creemos en los l\u00edmites.<\/p>\n\n\n\n<div style=\"height:50px\" aria-hidden=\"true\" class=\"wp-block-spacer\"><\/div>\n\n\n\n<div class=\"wp-block-columns icons-height-55 is-layout-flex wp-container-core-columns-is-layout-28f84493 wp-block-columns-is-layout-flex\">\n<div class=\"wp-block-column is-layout-flow wp-block-column-is-layout-flow\">\n<figure class=\"wp-block-image size-large\"><img loading=\"lazy\" decoding=\"async\" width=\"63\" height=\"64\" src=\"https:\/\/tresipunt.com\/wp-content\/uploads\/2022\/08\/diccionarioRecurso-1-2.svg\" alt=\"Consultor\u00eda\" class=\"wp-image-65\"\/><\/figure>\n\n\n\n<h3 class=\"wp-block-heading\">Consultor\u00eda<\/h3>\n\n\n\n<p>Te asesoramos para crear el mejor curso posible bas\u00e1ndonos en nuestra experiencia trabajando en equipo contigo.<\/p>\n<\/div>\n\n\n\n<div class=\"wp-block-column is-layout-flow wp-block-column-is-layout-flow\">\n<figure class=\"wp-block-image size-large\"><img loading=\"lazy\" decoding=\"async\" width=\"58\" height=\"55\" src=\"https:\/\/tresipunt.com\/wp-content\/uploads\/2022\/09\/contenidos_diseno.svg\" alt=\"Dise\u00f1o instruccional\" class=\"wp-image-537\"\/><\/figure>\n\n\n\n<h3 class=\"wp-block-heading\">Dise\u00f1o instruccional<\/h3>\n\n\n\n<p>Si tienes contenido lo guionizamos, pero si no lo tienes lo creamos. Buscamos la mejor soluci\u00f3n pedag\u00f3gica utilizando diferentes recursos.<\/p>\n<\/div>\n\n\n\n<div class=\"wp-block-column is-layout-flow wp-block-column-is-layout-flow\">\n<figure class=\"wp-block-image size-large\"><img loading=\"lazy\" decoding=\"async\" width=\"54\" height=\"54\" src=\"https:\/\/tresipunt.com\/wp-content\/uploads\/2022\/09\/contenidos_factoria.svg\" alt=\"Factor\u00eda\" class=\"wp-image-538\"\/><\/figure>\n\n\n\n<h3 class=\"wp-block-heading\">Factor\u00eda<\/h3>\n\n\n\n<p>Si tienes mucho volumen y quieres virtualizar el contenido es la mejor opci\u00f3n. Con un dise\u00f1o moderno y un desarrollo en tiempo r\u00e9cord.<\/p>\n<\/div>\n\n\n\n<div class=\"wp-block-column is-layout-flow wp-block-column-is-layout-flow\">\n<figure class=\"wp-block-image size-large\"><img loading=\"lazy\" decoding=\"async\" width=\"54\" height=\"52\" src=\"https:\/\/tresipunt.com\/wp-content\/uploads\/2022\/09\/contenidos_medida.svg\" alt=\"A medida\" class=\"wp-image-540\"\/><\/figure>\n\n\n\n<h3 class=\"wp-block-heading\">A medida<\/h3>\n\n\n\n<p>Si necesitas una soluci\u00f3n personalizada te ayudaremos a crearla. Nos gusta juntar las piezas necesarias para encontrar la mejor soluci\u00f3n.<\/p>\n<\/div>\n<\/div>\n\n\n\n<div style=\"height:50px\" aria-hidden=\"true\" class=\"wp-block-spacer\"><\/div>\n\n\n\n<div class=\"wp-block-columns icons-height-55 is-layout-flex wp-container-core-columns-is-layout-28f84493 wp-block-columns-is-layout-flex\">\n<div class=\"wp-block-column is-layout-flow wp-block-column-is-layout-flow\">\n<figure class=\"wp-block-image size-large\"><img loading=\"lazy\" decoding=\"async\" width=\"63\" height=\"42\" src=\"https:\/\/tresipunt.com\/wp-content\/uploads\/2022\/09\/contenidos_video.svg\" alt=\"Video elearning\" class=\"wp-image-543\"\/><\/figure>\n\n\n\n<h3 class=\"wp-block-heading\">Video elearning<\/h3>\n\n\n\n<p>Potencia el conocimiento a trav\u00e9s de v\u00eddeos de formaci\u00f3n o interactivos, optimizando la experiencia de aprendizaje.<\/p>\n<\/div>\n\n\n\n<div class=\"wp-block-column is-layout-flow wp-block-column-is-layout-flow\">\n<figure class=\"wp-block-image size-large\"><img loading=\"lazy\" decoding=\"async\" width=\"50\" height=\"54\" src=\"https:\/\/tresipunt.com\/wp-content\/uploads\/2022\/09\/contenidos_mobile.svg\" alt=\"Mobile learning\" class=\"wp-image-541\"\/><\/figure>\n\n\n\n<h3 class=\"wp-block-heading\">Mobile Learning<\/h3>\n\n\n\n<p>Dise\u00f1amos la formaci\u00f3n espec\u00edficamente para ser consumida en un tel\u00e9fono o en una tableta, para que te lleves los contenidos a d\u00f3nde quieras.<\/p>\n<\/div>\n\n\n\n<div class=\"wp-block-column is-layout-flow wp-block-column-is-layout-flow\">\n<figure class=\"wp-block-image size-large\"><img loading=\"lazy\" decoding=\"async\" width=\"51\" height=\"44\" src=\"https:\/\/tresipunt.com\/wp-content\/uploads\/2022\/09\/contenidos_simuladores.svg\" alt=\"Simuladores\" class=\"wp-image-542\"\/><\/figure>\n\n\n\n<h3 class=\"wp-block-heading\">Simuladores<\/h3>\n\n\n\n<p>En algunos casos se aprende m\u00e1s haciendo. Llevamos a las personas a enfrentarse a esos procesos en un lugar seguro.<\/p>\n<\/div>\n\n\n\n<div class=\"wp-block-column is-layout-flow wp-block-column-is-layout-flow\">\n<figure class=\"wp-block-image size-large\"><img loading=\"lazy\" decoding=\"async\" width=\"56\" height=\"54\" src=\"https:\/\/tresipunt.com\/wp-content\/uploads\/2022\/09\/contenidos_gamificacion.svg\" alt=\"Gamificaci\u00f3n\" class=\"wp-image-539\"\/><\/figure>\n\n\n\n<h3 class=\"wp-block-heading\"><a href=\"https:\/\/tresipunt.com\/es\/contenidos-elearning\/gamificacion\/\" target=\"_blank\" rel=\"noreferrer noopener\"><mark style=\"background-color:rgba(0, 0, 0, 0)\" class=\"has-inline-color has-ast-global-color-8-color\">Gamificaci\u00f3n<\/mark><\/a><\/h3>\n\n\n\n<p>Para los m\u00e1s atrevidos \ud83d\ude09<br>Pasa de las formaciones aburridas y convi\u00e9rtelas en retos, usa mec\u00e1nicas de juego e incluye narrativa para generar mayor atracci\u00f3n.<\/p>\n<\/div>\n<\/div>\n<\/div>\n<\/div>\n\n\n\n<div class=\"inherit-container-width wp-block-group alignfull is-layout-constrained wp-block-group-is-layout-constrained\" style=\"padding-top:75px;padding-bottom:75px\">\n<h2 class=\"wp-block-heading has-text-align-center section-title h4 orange-square\">Contenidos e-learning a medida<\/h2>\n\n\n\n<div class=\"wp-block-media-text alignwide is-stacked-on-mobile\"><figure class=\"wp-block-media-text__media\"><img loading=\"lazy\" decoding=\"async\" width=\"761\" height=\"441\" src=\"https:\/\/tresipunt.com\/wp-content\/uploads\/2022\/09\/contenidos_medida-1.png\" alt=\"Dise\u00f1o de contenidos personalizados\" class=\"wp-image-12058 size-full\" srcset=\"https:\/\/tresipunt.com\/wp-content\/uploads\/2022\/09\/contenidos_medida-1.png 761w, https:\/\/tresipunt.com\/wp-content\/uploads\/2022\/09\/contenidos_medida-1-300x174.png 300w\" sizes=\"auto, (max-width: 761px) 100vw, 761px\" \/><\/figure><div class=\"wp-block-media-text__content\">\n<h3 class=\"wp-block-heading\">Dise\u00f1o de contenidos e-learning personalizados<\/h3>\n\n\n\n<p>Hacemos contenidos completamente personalizables, el empleado se formar\u00e1 bas\u00e1ndose en contenidos multimedia, as\u00ed como, im\u00e1genes, v\u00eddeos, retos dentro de la plataforma y misiones fuera de la misma, interactuando con departamentos y compa\u00f1eros, adaptado al gusto del cliente.<\/p>\n<\/div><\/div>\n<\/div>\n\n\n\n<div class=\"inherit-container-width wp-block-group alignfull is-layout-constrained wp-block-group-is-layout-constrained\" style=\"padding-bottom:75px\">\n<h2 class=\"wp-block-heading has-text-align-center section-title h4 orange-square\">Simuladores de soluciones interactivas<\/h2>\n\n\n\n<div class=\"wp-block-media-text alignwide has-media-on-the-right is-stacked-on-mobile\"><div class=\"wp-block-media-text__content\">\n<h3 class=\"wp-block-heading has-text-align-right\">Simuladores eLearning: Aprende haciendo<\/h3>\n\n\n\n<p>Nos gusta el t\u00e9rmino de actitud l\u00fadica. Esta actitud es una actitud ante la vida, tiene que ver con vivir el presente, aceptar el error y trascenderlo, abrazar la incertidumbre, abordar las situaciones como retos y disfrutar del instante.&nbsp;<\/p>\n\n\n\n<p>Creamos entornos agradables, las personas cuando juegan crean entornos donde merece la pena estar. Por ello, somos capaces de generar entornos suficientemente atractivos para afrontar los problemas o situaciones complicadas.<\/p>\n<\/div><figure class=\"wp-block-media-text__media\"><img loading=\"lazy\" decoding=\"async\" width=\"741\" height=\"421\" src=\"https:\/\/tresipunt.com\/wp-content\/uploads\/2022\/09\/contenidos_simuladores.png\" alt=\"Simuladores\" class=\"wp-image-12055 size-full\" srcset=\"https:\/\/tresipunt.com\/wp-content\/uploads\/2022\/09\/contenidos_simuladores.png 741w, https:\/\/tresipunt.com\/wp-content\/uploads\/2022\/09\/contenidos_simuladores-300x170.png 300w\" sizes=\"auto, (max-width: 741px) 100vw, 741px\" \/><\/figure><\/div>\n<\/div>\n\n\n\n<div class=\"wp-block-cover alignfull\" style=\"padding-top:75px;padding-bottom:75px\"><span aria-hidden=\"true\" class=\"wp-block-cover__background has-background-dim-0 has-background-dim\"><\/span><img loading=\"lazy\" decoding=\"async\" width=\"1920\" height=\"700\" class=\"wp-block-cover__image-background wp-image-101\" alt=\"\" src=\"https:\/\/tresipunt.com\/wp-content\/uploads\/2022\/08\/fondomoodle.png\" data-object-fit=\"cover\" srcset=\"https:\/\/tresipunt.com\/wp-content\/uploads\/2022\/08\/fondomoodle.png 1920w, https:\/\/tresipunt.com\/wp-content\/uploads\/2022\/08\/fondomoodle-300x109.png 300w, https:\/\/tresipunt.com\/wp-content\/uploads\/2022\/08\/fondomoodle-1024x373.png 1024w, https:\/\/tresipunt.com\/wp-content\/uploads\/2022\/08\/fondomoodle-768x280.png 768w, https:\/\/tresipunt.com\/wp-content\/uploads\/2022\/08\/fondomoodle-1536x560.png 1536w\" sizes=\"auto, (max-width: 1920px) 100vw, 1920px\" \/><div class=\"wp-block-cover__inner-container is-layout-flow wp-block-cover-is-layout-flow\">\n<p class=\"has-text-align-center section-title h4 black-square has-ast-global-color-5-color has-text-color has-link-color wp-elements-0c9a770cf8067f0856c7b2778871cb14\"><strong>Un poco m\u00e1s<\/strong><\/p>\n\n\n\n<h2 class=\"wp-block-heading has-text-align-center has-ast-global-color-5-color has-text-color has-link-color wp-elements-8f5f30390025ddb9ba0040c0ebdbf69e\">Subamos el nivel de nuestras formaciones con <strong>contenidos e-learning<\/strong><\/h2>\n\n\n\n<div style=\"height:50px\" aria-hidden=\"true\" class=\"wp-block-spacer\"><\/div>\n\n\n\n<div class=\"wp-block-columns is-not-stacked-on-mobile remove-columns-tablet is-layout-flex wp-container-core-columns-is-layout-28f84493 wp-block-columns-is-layout-flex\">\n<div class=\"wp-block-column is-layout-flow wp-block-column-is-layout-flow\" style=\"flex-basis:25%\"><\/div>\n\n\n\n<div class=\"wp-block-column is-layout-flow wp-block-column-is-layout-flow\" style=\"flex-basis:50%\">\n<figure class=\"wp-block-embed is-type-video is-provider-youtube wp-block-embed-youtube wp-embed-aspect-16-9 wp-has-aspect-ratio\"><div class=\"wp-block-embed__wrapper\">\n<iframe loading=\"lazy\" title=\"Contenidos\" width=\"500\" height=\"281\" src=\"https:\/\/www.youtube.com\/embed\/aBqjoAGtVEU?feature=oembed\" frameborder=\"0\" allow=\"accelerometer; autoplay; clipboard-write; encrypted-media; gyroscope; picture-in-picture; web-share\" referrerpolicy=\"strict-origin-when-cross-origin\" allowfullscreen><\/iframe>\n<\/div><\/figure>\n<\/div>\n\n\n\n<div class=\"wp-block-column is-layout-flow wp-block-column-is-layout-flow\" style=\"flex-basis:25%\"><\/div>\n<\/div>\n<\/div><\/div>\n\n\n\n<div class=\"inherit-container-width wp-block-group alignfull has-ast-global-color-3-background-color has-background is-layout-constrained wp-block-group-is-layout-constrained\" style=\"padding-top:75px;padding-bottom:75px\">\n<p class=\"has-text-align-center section-title h4 orange-square\">FAQ<\/p>\n\n\n\n<h2 class=\"wp-block-heading has-text-align-center\" style=\"margin-bottom:5px\">Resuelve tus dudas sobre nuestros contenidos e-learning<\/h2>\n\n\n\n<div style=\"height:50px\" aria-hidden=\"true\" class=\"wp-block-spacer\"><\/div>\n\n\n\n<div class=\"wp-block-advgb-columns advgb-columns-wrapper\" id=\"advgb-cols-12a542ca-3956-467e-ae9d-f428f9f5ba38\"><div class=\"advgb-columns-container\"><div class=\"advgb-columns advgb-columns-row advgb-is-mobile advgb-columns-3 layout-15-35-15 tbl-layout-stacked mbl-layout-stacked vgutter-10\">\n<div class=\"wp-block-advgb-column advgb-column advgb-is-one-fifth-desktop advgb-is-full-tablet advgb-is-full-mobile\" id=\"advgb-col-2c20b8b7-957a-43c3-898e-e3e885102cbb\"><div class=\"advgb-column-inner\" style=\"border-style:none;border-width:1px\"><\/div><\/div>\n\n\n\n<div class=\"wp-block-advgb-column advgb-column advgb-is-three-fifths-desktop advgb-is-full-tablet advgb-is-full-mobile\" id=\"advgb-col-a6f745cc-fdce-47d5-bf1b-ec84f4fc782d\"><div class=\"advgb-column-inner\" style=\"border-style:none;border-width:1px\">\n<div class=\"wp-block-faq-block-for-gutenberg-faq\" style=\"background:var(--ast-global-color-5)\"><div class=\"question\" style=\"background:#ffffff;color:#000\"><h4 style=\"color:#000\"><strong>\u00bfQu\u00e9 pasa si no tengo contenido previo?<\/strong><\/h4><\/div><div class=\"answer\" style=\"background:#f1f1f1;color:#333333\">No pasa nada, contamos con dise\u00f1adores instruccionales que son capaces de crear el contenido.<\/div><\/div>\n\n\n\n<div class=\"wp-block-faq-block-for-gutenberg-faq\" style=\"background:var(--ast-global-color-5)\"><div class=\"question\" style=\"background:#ffffff;color:#000\"><h4 style=\"color:#000\"><strong>Tengo mucho volumen de contenido que digitalizar, \u00bfme va a salir muy caro?<\/strong><\/h4><\/div><div class=\"answer\" style=\"background:#f1f1f1;color:#333333\">Con el servicio de factor\u00eda nos adaptamos a todo tipo de clientes para asegurar un desarrollo r\u00e1pido y en consecuencia un precio razonable.<\/div><\/div>\n\n\n\n<div class=\"wp-block-faq-block-for-gutenberg-faq\" style=\"background:var(--ast-global-color-5)\"><div class=\"question\" style=\"background:#ffffff;color:#000\"><h4 style=\"color:#000\"><strong>\u00bfPuedo pasar mi formaci\u00f3n actual a SCORM?<\/strong><\/h4><\/div><div class=\"answer\" style=\"background:#f1f1f1;color:#333333\">S\u00ed, somos capaces de pasar cualquier tipo de formaci\u00f3n a SCORM despu\u00e9s de una consultor\u00eda.<\/div><\/div>\n\n\n\n<div class=\"wp-block-faq-block-for-gutenberg-faq\" style=\"background:var(--ast-global-color-5)\"><div class=\"question\" style=\"background:#ffffff;color:#000\"><h4 style=\"color:#000\"><strong><strong><strong>\u00bfEn un curso SCORM que contiene video, os encarg\u00e1is de hacer tambi\u00e9n los videos?<\/strong><\/strong><\/strong><\/h4><\/div><div class=\"answer\" style=\"background:#f1f1f1;color:#333333\">S\u00ed, tenemos equipo de producci\u00f3n audiovisual que se encarga de hacer todo tipo de videos: Motion Graphics, animados, grabaciones, tutoriales, etc.<\/div><\/div>\n\n\n\n<div class=\"wp-block-faq-block-for-gutenberg-faq\" style=\"background:var(--ast-global-color-5)\"><div class=\"question\" style=\"background:#ffffff;color:#000\"><h4 style=\"color:#000\"><strong><strong>\u00bfOs pod\u00e9is adaptar a la imagen corporativa de mi empresa?<\/strong><\/strong><\/h4><\/div><div class=\"answer\" style=\"background:#f1f1f1;color:#333333\">S\u00ed, nos adaptamos a cualquier tipo de dise\u00f1o, ya que todo lo que hacemos es de forma personalizada.<\/div><\/div>\n<\/div><\/div>\n\n\n\n<div class=\"wp-block-advgb-column advgb-column advgb-is-one-fifth-desktop advgb-is-full-tablet advgb-is-full-mobile\" id=\"advgb-col-445047ca-3489-480a-a4de-30c677391257\"><div class=\"advgb-column-inner\" style=\"border-style:none;border-width:1px\"><\/div><\/div>\n<\/div><\/div><\/div>\n<\/div>\n<style class=\"advgb-styles-renderer\">#advgb-col-2c20b8b7-957a-43c3-898e-e3e885102cbb>.advgb-column-inner{}@media screen and (max-width: 1023px) {#advgb-col-2c20b8b7-957a-43c3-898e-e3e885102cbb>.advgb-column-inner{}}@media screen and (max-width: 767px) {#advgb-col-2c20b8b7-957a-43c3-898e-e3e885102cbb>.advgb-column-inner{}}#advgb-col-a6f745cc-fdce-47d5-bf1b-ec84f4fc782d>.advgb-column-inner{}@media screen and (max-width: 1023px) {#advgb-col-a6f745cc-fdce-47d5-bf1b-ec84f4fc782d>.advgb-column-inner{}}@media screen and (max-width: 767px) {#advgb-col-a6f745cc-fdce-47d5-bf1b-ec84f4fc782d>.advgb-column-inner{}}#advgb-col-445047ca-3489-480a-a4de-30c677391257>.advgb-column-inner{}@media screen and (max-width: 1023px) {#advgb-col-445047ca-3489-480a-a4de-30c677391257>.advgb-column-inner{}}@media screen and (max-width: 767px) {#advgb-col-445047ca-3489-480a-a4de-30c677391257>.advgb-column-inner{}}#advgb-cols-12a542ca-3956-467e-ae9d-f428f9f5ba38{}@media screen and (max-width: 1023px) {#advgb-cols-12a542ca-3956-467e-ae9d-f428f9f5ba38{}}@media screen and (max-width: 767px) {#advgb-cols-12a542ca-3956-467e-ae9d-f428f9f5ba38{}}#advgb-col-2c20b8b7-957a-43c3-898e-e3e885102cbb>.advgb-column-inner{}@media screen and (max-width: 1023px) {#advgb-col-2c20b8b7-957a-43c3-898e-e3e885102cbb>.advgb-column-inner{}}@media screen and (max-width: 767px) {#advgb-col-2c20b8b7-957a-43c3-898e-e3e885102cbb>.advgb-column-inner{}}#advgb-col-a6f745cc-fdce-47d5-bf1b-ec84f4fc782d>.advgb-column-inner{}@media screen and (max-width: 1023px) {#advgb-col-a6f745cc-fdce-47d5-bf1b-ec84f4fc782d>.advgb-column-inner{}}@media screen and (max-width: 767px) {#advgb-col-a6f745cc-fdce-47d5-bf1b-ec84f4fc782d>.advgb-column-inner{}}#advgb-col-445047ca-3489-480a-a4de-30c677391257>.advgb-column-inner{}@media screen and (max-width: 1023px) {#advgb-col-445047ca-3489-480a-a4de-30c677391257>.advgb-column-inner{}}@media screen and (max-width: 767px) {#advgb-col-445047ca-3489-480a-a4de-30c677391257>.advgb-column-inner{}}#advgb-cols-12a542ca-3956-467e-ae9d-f428f9f5ba38{}@media screen and (max-width: 1023px) {#advgb-cols-12a542ca-3956-467e-ae9d-f428f9f5ba38{}}@media screen and (max-width: 767px) {#advgb-cols-12a542ca-3956-467e-ae9d-f428f9f5ba38{}}#advgb-col-2c20b8b7-957a-43c3-898e-e3e885102cbb>.advgb-column-inner{}@media screen and (max-width: 1023px) {#advgb-col-2c20b8b7-957a-43c3-898e-e3e885102cbb>.advgb-column-inner{}}@media screen and (max-width: 767px) {#advgb-col-2c20b8b7-957a-43c3-898e-e3e885102cbb>.advgb-column-inner{}}#advgb-col-a6f745cc-fdce-47d5-bf1b-ec84f4fc782d>.advgb-column-inner{}@media screen and (max-width: 1023px) {#advgb-col-a6f745cc-fdce-47d5-bf1b-ec84f4fc782d>.advgb-column-inner{}}@media screen and (max-width: 767px) {#advgb-col-a6f745cc-fdce-47d5-bf1b-ec84f4fc782d>.advgb-column-inner{}}#advgb-col-445047ca-3489-480a-a4de-30c677391257>.advgb-column-inner{}@media screen and (max-width: 1023px) {#advgb-col-445047ca-3489-480a-a4de-30c677391257>.advgb-column-inner{}}@media screen and (max-width: 767px) {#advgb-col-445047ca-3489-480a-a4de-30c677391257>.advgb-column-inner{}}<\/style>","protected":false},"excerpt":{"rendered":"<p>Servicios Somos proveedores de contenidos e-learning creativos y flexibles Aceptamos los retos y por eso no creemos en los l\u00edmites. Consultor\u00eda Te asesoramos para crear el mejor curso posible bas\u00e1ndonos [&hellip;]<\/p>\n","protected":false},"author":1,"featured_media":0,"parent":0,"menu_order":0,"comment_status":"closed","ping_status":"closed","template":"","meta":{"_acf_changed":false,"inline_featured_image":false,"advgb_blocks_editor_width":"","advgb_blocks_columns_visual_guide":"","site-sidebar-layout":"default","site-content-layout":"","ast-site-content-layout":"default","site-content-style":"default","site-sidebar-style":"default","ast-global-header-display":"","ast-banner-title-visibility":"","ast-main-header-display":"","ast-hfb-above-header-display":"","ast-hfb-below-header-display":"","ast-hfb-mobile-header-display":"","site-post-title":"disabled","ast-breadcrumbs-content":"","ast-featured-img":"","footer-sml-layout":"","ast-disable-related-posts":"","theme-transparent-header-meta":"","adv-header-id-meta":"","stick-header-meta":"","header-above-stick-meta":"","header-main-stick-meta":"","header-below-stick-meta":"","astra-migrate-meta-layouts":"set","ast-page-background-enabled":"default","ast-page-background-meta":{"desktop":{"background-color":"var(--ast-global-color-4)","background-image":"","background-repeat":"repeat","background-position":"center center","background-size":"auto","background-attachment":"scroll","background-type":"","background-media":"","overlay-type":"","overlay-color":"","overlay-opacity":"","overlay-gradient":""},"tablet":{"background-color":"","background-image":"","background-repeat":"repeat","background-position":"center center","background-size":"auto","background-attachment":"scroll","background-type":"","background-media":"","overlay-type":"","overlay-color":"","overlay-opacity":"","overlay-gradient":""},"mobile":{"background-color":"","background-image":"","background-repeat":"repeat","background-position":"center center","background-size":"auto","background-attachment":"scroll","background-type":"","background-media":"","overlay-type":"","overlay-color":"","overlay-opacity":"","overlay-gradient":""}},"ast-content-background-meta":{"desktop":{"background-color":"var(--ast-global-color-5)","background-image":"","background-repeat":"repeat","background-position":"center center","background-size":"auto","background-attachment":"scroll","background-type":"","background-media":"","overlay-type":"","overlay-color":"","overlay-opacity":"","overlay-gradient":""},"tablet":{"background-color":"var(--ast-global-color-5)","background-image":"","background-repeat":"repeat","background-position":"center center","background-size":"auto","background-attachment":"scroll","background-type":"","background-media":"","overlay-type":"","overlay-color":"","overlay-opacity":"","overlay-gradient":""},"mobile":{"background-color":"var(--ast-global-color-5)","background-image":"","background-repeat":"repeat","background-position":"center center","background-size":"auto","background-attachment":"scroll","background-type":"","background-media":"","overlay-type":"","overlay-color":"","overlay-opacity":"","overlay-gradient":""}},"_price":"","_stock":"","_tribe_ticket_header":"","_tribe_default_ticket_provider":"","_tribe_ticket_capacity":"0","_ticket_start_date":"","_ticket_end_date":"","_tribe_ticket_show_description":"","_tribe_ticket_show_not_going":false,"_tribe_ticket_use_global_stock":"","_tribe_ticket_global_stock_level":"","_global_stock_mode":"","_global_stock_cap":"","_tribe_rsvp_for_event":"","_tribe_ticket_going_count":"","_tribe_ticket_not_going_count":"","_tribe_tickets_list":"[]","_tribe_ticket_has_attendee_info_fields":false,"footnotes":""},"class_list":["post-18","page","type-page","status-publish","hentry"],"acf":[],"coauthors":[],"author_meta":{"author_link":"https:\/\/tresipunt.com\/es\/author\/admin_tresipunt\/","display_name":"admin_tresipunt"},"relative_dates":{"created":"Publicado 4 a\u00f1os hace","modified":"Actualizado 1 a\u00f1o hace"},"absolute_dates":{"created":"Publicado el 22 de agosto de 2022","modified":"Actualizado el 15 de abril de 2025"},"absolute_dates_time":{"created":"Publicado el 22 de agosto de 2022 19:26","modified":"Actualizado el 15 de abril de 2025 10:13"},"featured_img_caption":"","featured_img":false,"series_order":"","_links":{"self":[{"href":"https:\/\/tresipunt.com\/es\/wp-json\/wp\/v2\/pages\/18","targetHints":{"allow":["GET"]}}],"collection":[{"href":"https:\/\/tresipunt.com\/es\/wp-json\/wp\/v2\/pages"}],"about":[{"href":"https:\/\/tresipunt.com\/es\/wp-json\/wp\/v2\/types\/page"}],"author":[{"embeddable":true,"href":"https:\/\/tresipunt.com\/es\/wp-json\/wp\/v2\/users\/1"}],"replies":[{"embeddable":true,"href":"https:\/\/tresipunt.com\/es\/wp-json\/wp\/v2\/comments?post=18"}],"version-history":[{"count":5,"href":"https:\/\/tresipunt.com\/es\/wp-json\/wp\/v2\/pages\/18\/revisions"}],"predecessor-version":[{"id":36644,"href":"https:\/\/tresipunt.com\/es\/wp-json\/wp\/v2\/pages\/18\/revisions\/36644"}],"wp:attachment":[{"href":"https:\/\/tresipunt.com\/es\/wp-json\/wp\/v2\/media?parent=18"}],"curies":[{"name":"wp","href":"https:\/\/api.w.org\/{rel}","templated":true}]}}