{"id":24,"date":"2022-08-22T19:28:05","date_gmt":"2022-08-22T17:28:05","guid":{"rendered":"https:\/\/tresipunt.com\/?page_id=24"},"modified":"2026-02-02T17:55:47","modified_gmt":"2026-02-02T16:55:47","slug":"contacto","status":"publish","type":"page","link":"https:\/\/tresipunt.com\/es\/contacto\/","title":{"rendered":"Contacto"},"content":{"rendered":"\n<div style=\"height:60px\" aria-hidden=\"true\" class=\"wp-block-spacer\"><\/div>\n\n\n\n<h1 class=\"wp-block-heading has-text-align-center\">\u00a1Contacta con nosotros!<\/h1>\n\n\n\n<h3 class=\"wp-block-heading has-text-align-center\" style=\"margin-bottom:5px\">Cu\u00e9ntanos tu proyecto<\/h3>\n\n\n\n<div style=\"height:20px\" aria-hidden=\"true\" class=\"wp-block-spacer\"><\/div>\n\n\n\n<p class=\"has-text-align-center\"> o esas cositas chulas que tienes por la cabeza para hacerlas realidad.<\/p>\n\n\n\n<div style=\"height:50px\" aria-hidden=\"true\" class=\"wp-block-spacer\"><\/div>\n\n\n\n<div class=\"inherit-container-width wp-block-group alignfull plugins-container is-layout-constrained wp-block-group-is-layout-constrained\">\n<div class=\"wp-block-columns is-not-stacked-on-mobile remove-columns-tablet is-layout-flex wp-container-core-columns-is-layout-28f84493 wp-block-columns-is-layout-flex\">\n<div class=\"wp-block-column cf-bg has-luminous-vivid-orange-to-vivid-red-gradient-background has-background is-layout-flow wp-block-column-is-layout-flow\" style=\"padding-top:25px;padding-right:25px;padding-bottom:25px;padding-left:25px\">\n<h3 class=\"wp-block-heading has-ast-global-color-5-color has-text-color\">D\u00e9janos un mensaje<\/h3>\n\n\n\n<p class=\"has-ast-global-color-5-color has-text-color\">Nos encantar\u00eda o\u00edr tus necesidades<\/p>\n\n\n\n<div style=\"height:15px\" aria-hidden=\"true\" class=\"wp-block-spacer\"><\/div>\n\n\n\n<div class=\"wpcf7 no-js\" id=\"wpcf7-f138-o1\" lang=\"es-ES\" dir=\"ltr\" data-wpcf7-id=\"138\">\n<div class=\"screen-reader-response\"><p role=\"status\" aria-live=\"polite\" aria-atomic=\"true\"><\/p> <ul><\/ul><\/div>\n<form action=\"\/es\/wp-json\/wp\/v2\/pages\/24#wpcf7-f138-o1\" method=\"post\" class=\"wpcf7-form init\" aria-label=\"Formulario de contacto\" novalidate=\"novalidate\" data-status=\"init\">\n<fieldset class=\"hidden-fields-container\"><input type=\"hidden\" name=\"_wpcf7\" value=\"138\" \/><input type=\"hidden\" name=\"_wpcf7_version\" value=\"6.1.5\" \/><input type=\"hidden\" name=\"_wpcf7_locale\" value=\"es_ES\" \/><input type=\"hidden\" name=\"_wpcf7_unit_tag\" value=\"wpcf7-f138-o1\" \/><input type=\"hidden\" name=\"_wpcf7_container_post\" value=\"0\" \/><input type=\"hidden\" name=\"_wpcf7_posted_data_hash\" value=\"\" \/><input type=\"hidden\" name=\"_wpcf7_recaptcha_response\" value=\"\" \/>\n<\/fieldset>\n<p><label> Nombre *<br \/>\n<span class=\"wpcf7-form-control-wrap\" data-name=\"your-name\"><input size=\"40\" maxlength=\"400\" class=\"wpcf7-form-control wpcf7-text wpcf7-validates-as-required\" aria-required=\"true\" aria-invalid=\"false\" value=\"\" type=\"text\" name=\"your-name\" \/><\/span> <\/label>\n<\/p>\n<p><label> Apellidos *<br \/>\n<span class=\"wpcf7-form-control-wrap\" data-name=\"your-surname\"><input size=\"40\" maxlength=\"400\" class=\"wpcf7-form-control wpcf7-text wpcf7-validates-as-required\" aria-required=\"true\" aria-invalid=\"false\" value=\"\" type=\"text\" name=\"your-surname\" \/><\/span> <\/label>\n<\/p>\n<p><label> Correo electr\u00f3nico *<br \/>\n<span class=\"wpcf7-form-control-wrap\" data-name=\"your-email\"><input size=\"40\" maxlength=\"400\" class=\"wpcf7-form-control wpcf7-email wpcf7-validates-as-required wpcf7-text wpcf7-validates-as-email\" aria-required=\"true\" aria-invalid=\"false\" value=\"\" type=\"email\" name=\"your-email\" \/><\/span> <\/label>\n<\/p>\n<p><label> Empresa *<br \/>\n<span class=\"wpcf7-form-control-wrap\" data-name=\"your-company\"><input size=\"40\" maxlength=\"400\" class=\"wpcf7-form-control wpcf7-text wpcf7-validates-as-required\" aria-required=\"true\" aria-invalid=\"false\" value=\"\" type=\"text\" name=\"your-company\" \/><\/span> <\/label>\n<\/p>\n<p><label> Asunto *<br \/>\n<span class=\"wpcf7-form-control-wrap\" data-name=\"your-subject\"><input size=\"40\" maxlength=\"400\" class=\"wpcf7-form-control wpcf7-text wpcf7-validates-as-required\" aria-required=\"true\" aria-invalid=\"false\" value=\"\" type=\"text\" name=\"your-subject\" \/><\/span> <\/label>\n<\/p>\n<p><label> Mensaje *<br \/>\n<span class=\"wpcf7-form-control-wrap\" data-name=\"your-message\"><textarea cols=\"40\" rows=\"10\" maxlength=\"2000\" class=\"wpcf7-form-control wpcf7-textarea wpcf7-validates-as-required\" aria-required=\"true\" aria-invalid=\"false\" name=\"your-message\"><\/textarea><\/span> <\/label>\n<\/p>\n<p><span class=\"wpcf7-form-control-wrap\" data-name=\"newsletter\"><span class=\"wpcf7-form-control wpcf7-acceptance optional\"><span class=\"wpcf7-list-item\"><label><input type=\"checkbox\" name=\"newsletter\" value=\"1\" aria-invalid=\"false\" \/><span class=\"wpcf7-list-item-label\">Quiero suscribirme al bolet\u00edn para estar al d\u00eda de las noticias de 3ipunt<\/span><\/label><\/span><\/span><\/span><br \/>\n<span class=\"wpcf7-form-control-wrap\" data-name=\"acceptance-221\"><span class=\"wpcf7-form-control wpcf7-acceptance\"><span class=\"wpcf7-list-item\"><label><input type=\"checkbox\" name=\"acceptance-221\" value=\"1\" aria-invalid=\"false\" \/><span class=\"wpcf7-list-item-label\">He le\u00eddo y acepto el tratamiento de datos oara las finalidades descritas en la <a style=\"color:#ffffff\" href=\"https:\/\/tresipunt.com\/es\/politica-de-privacidad\/\" target=\"_blank\">pol\u00edtica de privacidad<\/a><\/span><\/label><\/span><\/span><\/span>\n<\/p>\n<p><input class=\"wpcf7-form-control wpcf7-submit has-spinner\" type=\"submit\" value=\"Enviar\" \/>\n<\/p><p style=\"display: none !important;\" class=\"akismet-fields-container\" data-prefix=\"_wpcf7_ak_\"><label>&#916;<textarea name=\"_wpcf7_ak_hp_textarea\" cols=\"45\" rows=\"8\" maxlength=\"100\"><\/textarea><\/label><input type=\"hidden\" id=\"ak_js_1\" name=\"_wpcf7_ak_js\" value=\"164\"\/><script>\ndocument.getElementById( \"ak_js_1\" ).setAttribute( \"value\", ( new Date() ).getTime() );\n<\/script>\n<\/p><div class=\"wpcf7-response-output\" aria-hidden=\"true\"><\/div>\n<\/form>\n<\/div>\n\n<\/div>\n\n\n\n<div class=\"wp-block-column is-layout-flow wp-block-column-is-layout-flow\">\n<div class=\"wp-block-advgb-adv-tabs advgb-tabs-wrapper advgb-tab-horz-desktop advgb-tab-horz-tablet advgb-tab-horz-mobile advgb-tabs-abd19578-3b86-4568-93a4-a953e44df001\" data-tab-active=\"0\"><ul class=\"advgb-tabs-panel\" role=\"tablist\"><li class=\"advgb-tab advgb-tab-active\" role=\"presentation\" style=\"background-color:var(--ast-global-color-5);border-style:none;border-width:1px;border-radius:10px\"><button class=\"advgb-tab-button\" id=\"advgb-tab-_0cbd60-89-0\" aria-controls=\"advgb-tab-panel-_0cbd60-89-0\" role=\"tab\" aria-selected=\"true\" tabindex=\"0\" style=\"color:var(--ast-global-color-8);background:none;border:none;width:100%;text-align:inherit;cursor:pointer;padding:8px 16px;font:inherit\"><span>Barcelona<\/span><\/button><\/li><li class=\"advgb-tab \" role=\"presentation\" style=\"background-color:var(--ast-global-color-5);border-style:none;border-width:1px;border-radius:10px\"><button class=\"advgb-tab-button\" id=\"advgb-tab-_0cbd60-89-1\" aria-controls=\"advgb-tab-panel-_0cbd60-89-1\" role=\"tab\" aria-selected=\"false\" tabindex=\"0\" style=\"color:var(--ast-global-color-8);background:none;border:none;width:100%;text-align:inherit;cursor:pointer;padding:8px 16px;font:inherit\"><span>Madrid<\/span><\/button><\/li><\/ul><div class=\"advgb-tab-body-wrapper\" style=\"border-style:none;border-width:1px;border-radius:10px\">\n<div class=\"wp-block-advgb-tab advgb-tab-body-container\"><div class=\"advgb-tab-body-header advgb-tab-class- \" id=\"advgb-tab-panel-_0cbd60-89-0\" role=\"tabpanel\" aria-labelledby=\"advgb-tab-_0cbd60-89-0\" tabindex=\"0\"><span>Barcelona<\/span><\/div><div class=\"advgb-tab-_0cbd60-89 advgb-tab-body\" aria-labelledby=\"advgb-tab-panel-_0cbd60-89-0\" style=\"display:none\">\n<iframe src=\"https:\/\/www.google.com\/maps\/embed?pb=!1m18!1m12!1m3!1d2992.8606652102044!2d2.1689927157134763!3d41.398832203248006!2m3!1f0!2f0!3f0!3m2!1i1024!2i768!4f13.1!3m3!1m2!1s0x12a4a2e9bb422809%3A0xd3bc595b05860958!2sEdificio%20Verdaguer%2C%20C.%20Valencia%2C%20359%2C%2008009%20Barcelona!5e0!3m2!1ses!2ses!4v1661425360735!5m2!1ses!2ses\" width=\"600\" height=\"450\" style=\"border:0;\" allowfullscreen=\"\" loading=\"lazy\" referrerpolicy=\"no-referrer-when-downgrade\"><\/iframe>\n\n\n\n<div style=\"height:25px\" aria-hidden=\"true\" class=\"wp-block-spacer\"><\/div>\n\n\n\n<div class=\"wp-block-media-text alignwide is-stacked-on-mobile small-icon\" style=\"grid-template-columns:15% auto\"><figure class=\"wp-block-media-text__media\"><img loading=\"lazy\" decoding=\"async\" width=\"36\" height=\"42\" src=\"https:\/\/tresipunt.com\/wp-content\/uploads\/2022\/09\/contacto_ubicacion.svg\" alt=\"Ubicaci\u00f3n\" class=\"wp-image-11706 size-thumbnail\"\/><\/figure><div class=\"wp-block-media-text__content\">\n<p>Val\u00e8ncia 359, entres\u00f2l 2 <br>08009, Barcelona<\/p>\n<\/div><\/div>\n\n\n\n<div style=\"height:10px\" aria-hidden=\"true\" class=\"wp-block-spacer\"><\/div>\n\n\n\n<div class=\"wp-block-media-text alignwide is-stacked-on-mobile small-icon\" style=\"grid-template-columns:15% auto\"><figure class=\"wp-block-media-text__media\"><img loading=\"lazy\" decoding=\"async\" width=\"23\" height=\"42\" src=\"https:\/\/tresipunt.com\/wp-content\/uploads\/2022\/09\/contacto_movil.svg\" alt=\"Tel\u00e9fono de contacto\" class=\"wp-image-11703 size-thumbnail\"\/><\/figure><div class=\"wp-block-media-text__content\">\n<p><a href=\"tel:+34935325991\">+34 935 32 59 91<\/a><\/p>\n<\/div><\/div>\n<\/div><\/div>\n\n\n\n<div class=\"wp-block-advgb-tab advgb-tab-body-container\"><div class=\"advgb-tab-body-header advgb-tab-class- header-active\" id=\"advgb-tab-panel-_0cbd60-89-1\" role=\"tabpanel\" aria-labelledby=\"advgb-tab-_0cbd60-89-1\" tabindex=\"0\"><span>Madrid<\/span><\/div><div class=\"advgb-tab-_0cbd60-89 advgb-tab-body\" aria-labelledby=\"advgb-tab-panel-_0cbd60-89-1\" style=\"display:block\">\n<iframe src=\"https:\/\/www.google.com\/maps\/embed?pb=!1m18!1m12!1m3!1d3037.4614430502647!2d-3.694357323597633!3d40.42078005539217!2m3!1f0!2f0!3f0!3m2!1i1024!2i768!4f13.1!3m3!1m2!1s0xd42289b20e82f59%3A0x4d577990bfef6746!2sP.%C2%BA%20de%20Recoletos%2C%206%2C%20Salamanca%2C%2028001%20Madrid!5e0!3m2!1ses!2ses!4v1770051094237!5m2!1ses!2ses\" width=\"600\" height=\"450\" style=\"border:0;\" allowfullscreen=\"\" loading=\"lazy\" referrerpolicy=\"no-referrer-when-downgrade\"><\/iframe>\n\n\n\n<div style=\"height:25px\" aria-hidden=\"true\" class=\"wp-block-spacer\"><\/div>\n\n\n\n<div class=\"wp-block-media-text alignwide small-icon\" style=\"grid-template-columns:15% auto\"><figure class=\"wp-block-media-text__media\"><img loading=\"lazy\" decoding=\"async\" width=\"36\" height=\"42\" src=\"https:\/\/tresipunt.com\/wp-content\/uploads\/2022\/09\/contacto_ubicacion.svg\" alt=\"Ubicaci\u00f3n\" class=\"wp-image-11706 size-thumbnail\"\/><\/figure><div class=\"wp-block-media-text__content\">\n<p>Paseo Recoletos 6, 6\u00ba, 28001 Madrid<\/p>\n<\/div><\/div>\n\n\n\n<div style=\"height:10px\" aria-hidden=\"true\" class=\"wp-block-spacer\"><\/div>\n\n\n\n<div class=\"wp-block-media-text alignwide small-icon\" style=\"grid-template-columns:15% auto\"><figure class=\"wp-block-media-text__media\"><img loading=\"lazy\" decoding=\"async\" width=\"23\" height=\"42\" src=\"https:\/\/tresipunt.com\/wp-content\/uploads\/2022\/09\/contacto_movil.svg\" alt=\"Tel\u00e9fono de contacto\" class=\"wp-image-11703 size-thumbnail\"\/><\/figure><div class=\"wp-block-media-text__content\">\n<p>+34 935 32 59 91<\/p>\n<\/div><\/div>\n<\/div><\/div>\n<\/div><\/div>\n<\/div>\n<\/div>\n<\/div>\n<style class=\"advgb-styles-renderer\">.advgb-tabs-abd19578-3b86-4568-93a4-a953e44df001 ul.advgb-tabs-panel li.advgb-tab.advgb-tab-active {background-color:var(--ast-global-color-0) !important;color:#ffffff !important;}#advgb-tabs-abd19578-3b86-4568-93a4-a953e44df001 .advgb-tab-body-header.header-active, .advgb-tabs-abd19578-3b86-4568-93a4-a953e44df001 .advgb-tab-body-header.header-active{background-color:var(--ast-global-color-0) !important;color:#ffffff !important;}.advgb-tabs-abd19578-3b86-4568-93a4-a953e44df001 ul.advgb-tabs-panel li.advgb-tab.advgb-tab-active {background-color:var(--ast-global-color-0) !important;color:#ffffff !important;}#advgb-tabs-abd19578-3b86-4568-93a4-a953e44df001 .advgb-tab-body-header.header-active, .advgb-tabs-abd19578-3b86-4568-93a4-a953e44df001 .advgb-tab-body-header.header-active{background-color:var(--ast-global-color-0) !important;color:#ffffff !important;}.advgb-tabs-abd19578-3b86-4568-93a4-a953e44df001 ul.advgb-tabs-panel li.advgb-tab.advgb-tab-active {background-color:var(--ast-global-color-0) !important;color:#ffffff !important;}#advgb-tabs-abd19578-3b86-4568-93a4-a953e44df001 .advgb-tab-body-header.header-active, .advgb-tabs-abd19578-3b86-4568-93a4-a953e44df001 .advgb-tab-body-header.header-active{background-color:var(--ast-global-color-0) !important;color:#ffffff !important;}.advgb-tabs-abd19578-3b86-4568-93a4-a953e44df001 ul.advgb-tabs-panel li.advgb-tab.advgb-tab-active {background-color:var(--ast-global-color-0) !important;color:#ffffff !important;}#advgb-tabs-abd19578-3b86-4568-93a4-a953e44df001 .advgb-tab-body-header.header-active, .advgb-tabs-abd19578-3b86-4568-93a4-a953e44df001 .advgb-tab-body-header.header-active{background-color:var(--ast-global-color-0) !important;color:#ffffff !important;}<\/style>","protected":false},"excerpt":{"rendered":"<p>\u00a1Contacta con nosotros! Cu\u00e9ntanos tu proyecto o esas cositas chulas que tienes por la cabeza para hacerlas realidad. D\u00e9janos un mensaje Nos encantar\u00eda o\u00edr tus necesidades<\/p>\n","protected":false},"author":1,"featured_media":0,"parent":0,"menu_order":0,"comment_status":"closed","ping_status":"closed","template":"","meta":{"_acf_changed":false,"inline_featured_image":false,"advgb_blocks_editor_width":"","advgb_blocks_columns_visual_guide":"","site-sidebar-layout":"default","site-content-layout":"","ast-site-content-layout":"default","site-content-style":"default","site-sidebar-style":"default","ast-global-header-display":"","ast-banner-title-visibility":"","ast-main-header-display":"","ast-hfb-above-header-display":"","ast-hfb-below-header-display":"","ast-hfb-mobile-header-display":"","site-post-title":"disabled","ast-breadcrumbs-content":"","ast-featured-img":"","footer-sml-layout":"","ast-disable-related-posts":"","theme-transparent-header-meta":"","adv-header-id-meta":"","stick-header-meta":"","header-above-stick-meta":"","header-main-stick-meta":"","header-below-stick-meta":"","astra-migrate-meta-layouts":"set","ast-page-background-enabled":"default","ast-page-background-meta":{"desktop":{"background-color":"var(--ast-global-color-4)","background-image":"","background-repeat":"repeat","background-position":"center center","background-size":"auto","background-attachment":"scroll","background-type":"","background-media":"","overlay-type":"","overlay-color":"","overlay-opacity":"","overlay-gradient":""},"tablet":{"background-color":"","background-image":"","background-repeat":"repeat","background-position":"center center","background-size":"auto","background-attachment":"scroll","background-type":"","background-media":"","overlay-type":"","overlay-color":"","overlay-opacity":"","overlay-gradient":""},"mobile":{"background-color":"","background-image":"","background-repeat":"repeat","background-position":"center center","background-size":"auto","background-attachment":"scroll","background-type":"","background-media":"","overlay-type":"","overlay-color":"","overlay-opacity":"","overlay-gradient":""}},"ast-content-background-meta":{"desktop":{"background-color":"var(--ast-global-color-5)","background-image":"","background-repeat":"repeat","background-position":"center center","background-size":"auto","background-attachment":"scroll","background-type":"","background-media":"","overlay-type":"","overlay-color":"","overlay-opacity":"","overlay-gradient":""},"tablet":{"background-color":"var(--ast-global-color-5)","background-image":"","background-repeat":"repeat","background-position":"center center","background-size":"auto","background-attachment":"scroll","background-type":"","background-media":"","overlay-type":"","overlay-color":"","overlay-opacity":"","overlay-gradient":""},"mobile":{"background-color":"var(--ast-global-color-5)","background-image":"","background-repeat":"repeat","background-position":"center center","background-size":"auto","background-attachment":"scroll","background-type":"","background-media":"","overlay-type":"","overlay-color":"","overlay-opacity":"","overlay-gradient":""}},"_price":"","_stock":"","_tribe_ticket_header":"","_tribe_default_ticket_provider":"","_tribe_ticket_capacity":"0","_ticket_start_date":"","_ticket_end_date":"","_tribe_ticket_show_description":"","_tribe_ticket_show_not_going":false,"_tribe_ticket_use_global_stock":"","_tribe_ticket_global_stock_level":"","_global_stock_mode":"","_global_stock_cap":"","_tribe_rsvp_for_event":"","_tribe_ticket_going_count":"","_tribe_ticket_not_going_count":"","_tribe_tickets_list":"[]","_tribe_ticket_has_attendee_info_fields":false,"footnotes":""},"class_list":["post-24","page","type-page","status-publish","hentry"],"acf":[],"coauthors":[],"author_meta":{"author_link":"https:\/\/tresipunt.com\/es\/author\/admin_tresipunt\/","display_name":"admin_tresipunt"},"relative_dates":{"created":"Publicado 4 a\u00f1os hace","modified":"Actualizado 3 meses hace"},"absolute_dates":{"created":"Publicado el 22 de agosto de 2022","modified":"Actualizado el 2 de febrero de 2026"},"absolute_dates_time":{"created":"Publicado el 22 de agosto de 2022 19:28","modified":"Actualizado el 2 de febrero de 2026 17:55"},"featured_img_caption":"","featured_img":false,"series_order":"","_links":{"self":[{"href":"https:\/\/tresipunt.com\/es\/wp-json\/wp\/v2\/pages\/24","targetHints":{"allow":["GET"]}}],"collection":[{"href":"https:\/\/tresipunt.com\/es\/wp-json\/wp\/v2\/pages"}],"about":[{"href":"https:\/\/tresipunt.com\/es\/wp-json\/wp\/v2\/types\/page"}],"author":[{"embeddable":true,"href":"https:\/\/tresipunt.com\/es\/wp-json\/wp\/v2\/users\/1"}],"replies":[{"embeddable":true,"href":"https:\/\/tresipunt.com\/es\/wp-json\/wp\/v2\/comments?post=24"}],"version-history":[{"count":5,"href":"https:\/\/tresipunt.com\/es\/wp-json\/wp\/v2\/pages\/24\/revisions"}],"predecessor-version":[{"id":44257,"href":"https:\/\/tresipunt.com\/es\/wp-json\/wp\/v2\/pages\/24\/revisions\/44257"}],"wp:attachment":[{"href":"https:\/\/tresipunt.com\/es\/wp-json\/wp\/v2\/media?parent=24"}],"curies":[{"name":"wp","href":"https:\/\/api.w.org\/{rel}","templated":true}]}}