{"id":3,"date":"2022-08-22T19:05:14","date_gmt":"2022-08-22T17:05:14","guid":{"rendered":"https:\/\/tresipunt.com\/?page_id=3"},"modified":"2022-09-19T15:30:47","modified_gmt":"2022-09-19T13:30:47","slug":"politica-de-privacidad","status":"publish","type":"page","link":"https:\/\/tresipunt.com\/es\/politica-de-privacidad\/","title":{"rendered":"Pol\u00edtica de privacidad"},"content":{"rendered":"\n<h2 class=\"wp-block-heading\">\u00c1mbito de aplicaci\u00f3n<\/h2>\n\n\n\n<p>3&amp;PUNT SOLUCIONS INFORM\u00c0TIQUES, S.L. (en adelante, \u00ab3ipunt\u00bb) se compromete a proteger la privacidad de sus clientes y de los usuarios que accedan a nuestra p\u00e1gina web&nbsp;<a href=\"https:\/\/tresipunt.com\/es\/\">https:\/\/tresipunt.com\/es\/<\/a>&nbsp;(en adelante, la web).<\/p>\n\n\n\n<p>Los contenidos de la web son titularidad o est\u00e1n operados, licenciados o controlados por&nbsp;<strong>3ipunt<\/strong>.<\/p>\n\n\n\n<p>La utilizaci\u00f3n de esta web atribuye la condici\u00f3n de usuario (en adelante, el \u201cusuario\u201d).<\/p>\n\n\n\n<p>El usuario para hacer uso de la web no tiene la obligaci\u00f3n de registrarse.<\/p>\n\n\n\n<p>El usuario puede navegar y usar la Web sin necesidad de aportar ning\u00fan dato de car\u00e1cter personal. Los \u00fanicos datos personales a los que&nbsp;<strong>3ipunt<\/strong>&nbsp;tendr\u00e1 acceso ser\u00e1n aqu\u00e9llos que el usuario facilite voluntariamente a trav\u00e9s del formulario de registro, o cuando contacte con&nbsp;<strong>3ipunt<\/strong>&nbsp;a trav\u00e9s de correo electr\u00f3nico o de cualquier otro modo previsto en la Web.<\/p>\n\n\n\n<p>Este documento presenta nuestra pol\u00edtica en la observancia y uso de los datos personales recogidos a trav\u00e9s de nuestra Web o dispositivos auxiliares como m\u00f3viles o tablets. Asimismo, la utilizaci\u00f3n de la Web implica la aceptaci\u00f3n por el usuario de las disposiciones contenidas en la presente Pol\u00edtica de Privacidad y que sus datos personales sean tratados seg\u00fan lo establecido en el contenido de la misma.<\/p>\n\n\n\n<p>Por favor tenga en cuenta que a pesar de que puedan existir enlaces en nuestra web a otras webs, esta Pol\u00edtica de Privacidad se aplica tan solo a \u00e9sta y no a otras de compa\u00f1\u00edas u organizaciones a las que sea redirigida.&nbsp;<strong>3ipunt<\/strong>&nbsp;no controla ni aprueba el contenido de las webs de terceros ni acepta cualquier responsabilidad por el contenido o las pol\u00edticas de privacidad de dichas webs.<\/p>\n\n\n\n<h2 class=\"wp-block-heading\">Protecci\u00f3n de datos personales<\/h2>\n\n\n\n<p>Dicho lo que precede y en cumplimiento de lo establecido en el Reglamento (UE) 2016\/679 DEL PARLAMENTO EUROPEO Y DEL CONSEJO de 27 de abril de 2016 relativo a la protecci\u00f3n de las personas f\u00edsicas en lo que respecta al tratamiento de datos personales y a la libre circulaci\u00f3n de estos datos y en la Ley Org\u00e1nica 3\/2018, de 5 de diciembre, de Protecci\u00f3n de Datos Personales y garant\u00eda de los derechos digitales, as\u00ed como en cumplimiento de lo establecido en la normativa vigente procedemos a dar cumplida informaci\u00f3n de los extremos que se indican a continuaci\u00f3n:<\/p>\n\n\n\n<p><strong>El Responsable del Tratamiento<\/strong>&nbsp;de sus datos personales es:<\/p>\n\n\n\n<p>3&amp;PUNT SOLUCIONS INFORM\u00c0TIQUES, S.L.<\/p>\n\n\n\n<p>C.I.F.: B63506869<\/p>\n\n\n\n<p>Direcci\u00f3n: C\/ Val\u00e8ncia 359, entlo. 2\u00aa, 08009, Barcelona<\/p>\n\n\n\n<p>Tel\u00e9fono: 935325991<\/p>\n\n\n\n<p>Email DPO:&nbsp;<a href=\"mailto:dataofficer@tresipunt.com\">dataofficer@tresipunt.com<\/a><\/p>\n\n\n\n<p>Inscripci\u00f3n: Registro Mercantil de BARCELONA Tomo 36731, Folio 39, Secci\u00f3n 8, Hoja B 284400, Inscripci\u00f3n 1\u00aa<\/p>\n\n\n\n<p><strong>Recogida de datos a trav\u00e9s de dispositivos como m\u00f3viles o tablets.<\/strong>&nbsp;Cuando el usuario utiliza la web de&nbsp;<strong>3ipunt<\/strong>&nbsp;y solicite o consiente servicios de localizaci\u00f3n, cuando corresponda, podremos recibir informaci\u00f3n sobre su localizaci\u00f3n y sobre su dispositivo m\u00f3vil o tablet, incluyendo un identificador \u00fanico del mismo. Puede desactivar dicho permiso en cualquier momento a trav\u00e9s de los Ajustes de su tel\u00e9fono m\u00f3vil.<\/p>\n\n\n\n<p><strong>Datos que se tratan, registro de actividades de tratamiento y finalidad de los mismos.\u00a0<\/strong>En lo que se refiere al tratamiento de los datos personales que nos facilitan, o cualesquiera otros que se originen como consecuencia del acceso y uso de nuestra web, informarles que se incorporar\u00e1n en el sistema de tratamiento de datos existente y cuya titularidad y responsabilidad es de\u00a0<strong>3ipunt<\/strong>, consintiendo de forma expresa el tratamiento de dichos datos personales de forma l\u00edcita, leal, transparente, adecuada, pertinente, limitada, exacta y actualizada para las siguientes finalidades:<\/p>\n\n\n\n<figure class=\"wp-block-table\"><table><thead><tr><th>Finalidad<\/th><th>Base legal para el tratamiento de datos<\/th><\/tr><\/thead><tbody><tr><td>Tratamiento de datos para fines estad\u00edsticos, para mejor la calidad de los servicios prestados.<\/td><td>Inter\u00e9s leg\u00edtimo, ya que mediante estas estad\u00edsticas podemos mejorar la web ofreciendo una calidad superior.<\/td><\/tr><tr><td>Para crear una solicitud para entrar en el proyecto Moodle, necesitar\u00e1 llenar formulario con sus datos y nos pondremos en contacto para explicarle los pasos a seguir en caso de que sea seleccionado para acceder.<\/td><td>Consentimiento expreso en la medida que el usuario consienta al aceptar el checkbox correspondiente.<\/td><\/tr><tr><td>Remitirle ofertas a trav\u00e9s de comunicaciones electr\u00f3nicas.<\/td><td>Consentimiento expreso en la medida que el usuario consienta al aceptar el checkbox correspondiente.<\/td><\/tr><tr><td>Efectuar el pago por PayPal.<\/td><td>Consentimiento expreso en la medida que el usuario consienta al aceptar el checkbox correspondiente y ejecuci\u00f3n del correspondiente contrato<\/td><\/tr><tr><td>Atender y resolver las solicitudes del usuario y las peticiones que pueda hacer a trav\u00e9s de sus pedidos o comunicaciones.<\/td><td>Inter\u00e9s leg\u00edtimo y, en el caso que la solicitud sea relativa al ejercicio de derechos, nuestra legitimaci\u00f3n ser\u00e1 el cumplimiento de una obligaci\u00f3n legal.<\/td><\/tr><tr><td>Gestionar curr\u00edculums recibidos a trav\u00e9s del formulario.<\/td><td><br>Consentimiento expreso en la medida que el usuario consienta al aceptar el checkbox correspondiente.<\/td><\/tr><\/tbody><\/table><\/figure>\n\n\n\n<div style=\"height:25px\" aria-hidden=\"true\" class=\"wp-block-spacer\"><\/div>\n\n\n\n<p>As\u00ed, en el caso de que el usuario preste su consentimiento expreso<em>,<\/em>&nbsp;recibir\u00e1 una invitaci\u00f3n que le permitir\u00e1 testear c\u00f3mo funciona la plataforma de publicidad. No obstante, el usuario podr\u00e1 en todo momento revocar el consentimiento prestado, dirigi\u00e9ndose a la direcci\u00f3n de correo electr\u00f3nico del Delegado de Protecci\u00f3n de Datos&nbsp;<a href=\"mailto:dataofficer@tresipunt.com\">dataofficer@tresipunt.com<\/a>, al correo postal de la direcci\u00f3n indicada anteriormente del Responsable del Tratamiento.<\/p>\n\n\n\n<p>Los menores de 18 a\u00f1os s\u00f3lo podr\u00e1n consultar y facilitar datos en la Web bajo la supervisi\u00f3n y autorizaci\u00f3n de un padre o un tutor. Asimismo, dada la dificultad de&nbsp;<strong>3ipunt<\/strong>&nbsp;para conocer la verdadera edad de los usuarios, se advierte que deber\u00e1n ser los padres o tutores legales quienes eviten que los menores accedan a la web y faciliten datos de car\u00e1cter personal sin su supervisi\u00f3n, eximi\u00e9ndose de toda responsabilidad a&nbsp;<strong>3ipunt<\/strong>.<\/p>\n\n\n\n<h3 class=\"wp-block-heading\">Formulario de contacto\/contacto por correo electr\u00f3nico\/contacto por tel\u00e9fono<\/h3>\n\n\n\n<p>Nuestra p\u00e1gina Web contiene un formulario de contacto que puede utilizarse para ponerse en contacto electr\u00f3nicamente. Siempre que haga uso de esta posibilidad, se transmitir\u00e1 a nosotros y se guardar\u00e1 la informaci\u00f3n de car\u00e1cter personal que facilite en el formulario (por ejemplo, su nombre, direcci\u00f3n de correo electr\u00f3nico, etc.) al hacer clic en el bot\u00f3n \u00abEnviar\u00bb. Adem\u00e1s, tambi\u00e9n guardamos la fecha y la hora en las que utiliz\u00f3 el formulario de contacto para evitar un mal uso de nuestro formulario de contacto y asegurar la seguridad de nuestros sistemas de procesamiento de la informaci\u00f3n.<\/p>\n\n\n\n<p>Alternativamente, tambi\u00e9n puede ponerse en contacto directamente con nosotros a trav\u00e9s del correo electr\u00f3nico&nbsp;<a href=\"mailto:dataofficer@tresipunt.com\">dataofficer@tresipunt.com<\/a>, o llam\u00e1ndonos por tel\u00e9fono.<\/p>\n\n\n\n<p>Guardaremos los datos personales transmitidos en relaci\u00f3n al establecimiento de contacto con nosotros y exclusivamente con las finalidades a las que nos hemos referido anteriormente. No transmitiremos de modo alguno estos datos personales a terceros, sin perjuicio que lo que se dir\u00e1 m\u00e1s adelante. Borraremos los datos recopilados en este contexto en el momento que su almacenamiento deje de ser necesario, o bien limitaremos su tratamiento, en caso de que exista una obligaci\u00f3n legal para su conservaci\u00f3n.<\/p>\n\n\n\n<p>No tomamos decisiones automatizadas en base a perfiles, a excepci\u00f3n de la personalizaci\u00f3n de publicidad y la prevenci\u00f3n del fraude en internet.<\/p>\n\n\n\n<h2 class=\"wp-block-heading\"><strong>Categor\u00edas de datos<\/strong><\/h2>\n\n\n\n<h3 class=\"wp-block-heading\"><strong>Datos identificativos a trav\u00e9s de los FORMULARIOS:<\/strong><\/h3>\n\n\n\n<h3 class=\"wp-block-heading\">Contacto<\/h3>\n\n\n\n<p>Mediante el formulario de contacto el usuario facilita los siguientes datos personales:<\/p>\n\n\n\n<p>Nombre y e-mail, adem\u00e1s de toda la informaci\u00f3n que se haga constar en los comentarios.<\/p>\n\n\n\n<h4 class=\"wp-block-heading\"><strong class=\"privacy-policy-tutorial\"><strong>Para entrar en el proyecto Moodle<\/strong><\/strong><\/h4>\n\n\n\n<p>Para crear una solicitud para entrar en el proyecto, necesitar\u00e1 llenar formulario con sus datos y nos pondremos en contacto para explicarle los pasos a seguir en caso de que sea seleccionado para acceder.<\/p>\n\n\n\n<p>Nombre de la persona de contacto, Correo electr\u00f3nico, Nombre de la entidad formativa, N\u00famero de usuarios (0-700), Tipo de entidad, Tipo de centro, Correo electr\u00f3nico del administrador de la plataforma, Nombre del Moodle, Logo.<\/p>\n\n\n\n<p>Adem\u00e1s de toda la informaci\u00f3n que se haga constar en los comentarios.<\/p>\n\n\n\n<h4 class=\"wp-block-heading\"><strong>Buscamos personal<\/strong><\/h4>\n\n\n\n<p>A trav\u00e9s del formulario para asistir a los eventos organizados por&nbsp;<strong>3ipunt<\/strong>&nbsp;el usuario facilita los siguientes datos personales:<\/p>\n\n\n\n<p>Nombre, e-mail y curr\u00edculum vitae, adem\u00e1s de toda la informaci\u00f3n que se haga constar en los comentarios.<\/p>\n\n\n\n<p>Los datos enviados por las personas interesadas en enviar sus\u00a0<em>curriculum vitae<\/em>\u00a0recibir\u00e1n en todo momento el tratamiento m\u00e1s adecuado de conformidad con lo establecido Con arreglo a lo dispuesto en la Reglamento General de Protecci\u00f3n de Datos (UE) 2016\/679, de 27 de abril de 2016, relativo a la protecci\u00f3n de las personas f\u00edsicas en lo que respecta al tratamiento de datos personales y la libre circulaci\u00f3n de estos. El candidato consiente expresamente que la empresa pueda tratar, de forma automatizada o no, los datos personales enviados al portal de la sociedad, incluyendo cualesquiera operaciones y procedimientos t\u00e9cnicos de car\u00e1cter automatizado o no, que permitan la recogida, grabaci\u00f3n, conservaci\u00f3n, elaboraci\u00f3n modificaci\u00f3n, bloqueo y cancelaci\u00f3n.<\/p>\n\n\n\n<h2 class=\"wp-block-heading\"><strong>Plazo de conservaci\u00f3n de los datos personales<\/strong><\/h2>\n\n\n\n<p>Los datos se conservar\u00e1n durante el tiempo de prestaci\u00f3n de los servicios y el necesario para el cumplimiento de las obligaciones legales. En cualquier caso, se tendr\u00e1n en consideraci\u00f3n dichos plazos:<\/p>\n\n\n\n<p>1. En materia de<strong> proveedores y clientes<\/strong><\/p>\n\n\n\n<ul class=\"wp-block-list\"><li>Plazo: Se conservar\u00e1n durante el tiempo necesario para cumplir con la finalidad para la que se recabaron y para determinar las posibles responsabilidades que se pudieran derivar de dicha finalidad y del tratamiento de los datos, conforme a lo establecido en las siguientes materias.<ul><li><strong>5 a\u00f1os<\/strong>&nbsp;para los datos de clientes y proveedores, en lo que se refiere al cumplimiento de obligaciones de pago que deban hacerse por a\u00f1os o plazos m\u00e1s breves. Art. 1966 C\u00f3digo Civil. 5 a\u00f1os para los datos relativos al cumplimiento de obligaciones en materia de Prevenci\u00f3n de Riesgos Laborales. Art. 4 Ley sobre Infracciones y Sanciones en el Orden Social.<\/li><\/ul><\/li><\/ul>\n\n\n\n<div style=\"height:15px\" aria-hidden=\"true\" class=\"wp-block-spacer\"><\/div>\n\n\n\n<p>2.En materia de <strong>tratamiento de datos personales con fines publicitarios y promocionales:<\/strong><\/p>\n\n\n\n<ul class=\"wp-block-list\"><li>Plazo: Los datos personales de las personas interesadas en recibir informaci\u00f3n publicitaria y promocional de\u00a0<strong>3ipunt<\/strong>\u00a0se mantendr\u00e1n en el sistema de forma indefinida en tanto el interesado no solicite su supresi\u00f3n.<\/li><\/ul>\n\n\n\n<div style=\"height:15px\" aria-hidden=\"true\" class=\"wp-block-spacer\"><\/div>\n\n\n\n<p>3.En materia de <strong>tratamiento de datos de los curr\u00edculums:<\/strong><\/p>\n\n\n\n<ul class=\"wp-block-list\"><li>Plazo: Se conservar\u00e1n durante 24 meses.<\/li><\/ul>\n\n\n\n<p>La informaci\u00f3n que recogen nuestras cookies se conservar\u00e1 durante el per\u00edodo que se indica en la<\/p>\n\n\n\n<div style=\"height:15px\" aria-hidden=\"true\" class=\"wp-block-spacer\"><\/div>\n\n\n\n<p>En caso de que el\u00a0<strong>usuario se d\u00e9 de baja<\/strong>, los datos ser\u00e1n eliminados en ese momento, sin perjuicio de su bloqueo para cumplir con las obligaciones legales al respecto.<\/p>\n\n\n\n<h2 class=\"wp-block-heading\"><strong>Cesi\u00f3n de datos personales<\/strong><\/h2>\n\n\n\n<p>La informaci\u00f3n relativa a nuestros clientes es muy importante para nosotros, por lo que s\u00f3lo cederemos datos para la finalidad contemplada. Sin perjuicio de lo indicado y para el supuesto de tener que cederlos a colectivos o personas no mencionados en el presente p\u00e1rrafo les informar\u00edamos de ello con la debida antelaci\u00f3n para permitir la oposici\u00f3n a dicha cesi\u00f3n:<\/p>\n\n\n\n<ul class=\"wp-block-list\"><li>Encargados del tratamiento necesarios para la prestaci\u00f3n del servicio con el que tenemos firmado un contrato de prestaci\u00f3n de servicios que les obliga a guardar unos deberes de confidencialidad y unas medidas de seguridad.<\/li><li>Autoridades u otros terceros en aquellos casos en que as\u00ed lo exija la ley o en el contexto de procedimientos legales.<\/li><li><strong>Amazon Web Services<\/strong>\u00a0como hosting.<\/li><li><strong>Moodle Pty Ldt,<\/strong>\u00a0plataforma encargada de gestionar los cursos.<\/li><\/ul>\n\n\n\n<h2 class=\"wp-block-heading\"><strong>Derechos del usuario<\/strong><\/h2>\n\n\n\n<p>El usuario podr\u00e1 ejercer sus derechos de rectificaci\u00f3n, limitaci\u00f3n de tratamiento, supresi\u00f3n, oposici\u00f3n y derecho a no ser objeto de decisiones individuales automatizadas, dirigi\u00e9ndose con una solicitud escrita y firmada, incluyendo su nombre, apellidos y fotocopia del D.N.I. u otro documento acreditativo v\u00e1lido a&nbsp;<strong>3ipunt<\/strong>, a la direcci\u00f3n anteriormente indicada o contactando con el DPO al correo electr\u00f3nico&nbsp;<a href=\"mailto:dataofficer@tresipunt.com\">dataofficer@tresipunt.com<\/a><\/p>\n\n\n\n<p>El ejercicio de estos derechos es gratuito, a no ser que se formulen solicitudes infundadas o excesivas, en cuyo caso el usuario asumir\u00e1 el coste de tramitaci\u00f3n de la solicitud.<\/p>\n\n\n\n<p>Podr\u00e1 dirigirse a la Autoridad de control competente para presentar la reclamaci\u00f3n que considere oportuna.<\/p>\n\n\n\n<h2 class=\"wp-block-heading\">Medidas de seguridad<\/h2>\n\n\n\n<p><strong>3ipunt<\/strong>&nbsp;informa que ha adoptado las medidas t\u00e9cnicas y organizativas necesarias para mantener el nivel de seguridad requerido en atenci\u00f3n a los datos personales tratados y tiene asimismo implantados los mecanismos necesarios para evitar en la medida de lo posible los accesos no autorizados, sustracciones, modificaciones il\u00edcitas y p\u00e9rdida de datos.<\/p>\n\n\n\n<p>Contamos con sistemas de seguridad f\u00edsicos, electr\u00f3nicos y procedimentales en relaci\u00f3n con la recogida, almacenamiento y divulgaci\u00f3n de informaci\u00f3n personal del usuario.<\/p>\n\n\n\n<h2 class=\"wp-block-heading\">Confidencialidad<\/h2>\n\n\n\n<p>En cumplimiento con la normativa vigente,\u00a0<strong>3ipunt<\/strong>\u00a0se compromete al cumplimiento de su obligaci\u00f3n de secreto de los datos de car\u00e1cter personal que el usuario nos facilite durante su navegaci\u00f3n por la presente web y de su deber de guardarlos de forma confidencial.<\/p>\n\n\n\n<h2 class=\"wp-block-heading\">Transferencias internacionales<\/h2>\n\n\n\n<p><strong>3ipunt<\/strong>&nbsp;nunca revela tus datos personales sin tu permiso espec\u00edfico, a menos que sea necesario para llevar a cabo tu solicitud o administrar nuestros programas interactivos para clientes. Sin embargo, la informaci\u00f3n podr\u00e1 divulgarse si as\u00ed lo requiere la ley, una orden judicial o una normativa o solicitud emitida por las autoridades.<\/p>\n\n\n\n<p><a><\/a><strong>3ipunt<\/strong>&nbsp;hace uso de los servidores propiedad de&nbsp;<strong>AMAZON WEB SERVICES<\/strong>, ubicado en Irlanda, por lo que no se realizan transferencias internacionales de datos. Puede consultar dicha pol\u00edtica a trav\u00e9s del siguiente link:<\/p>\n\n\n\n<p><a href=\"https:\/\/aws.amazon.com\/es\/security\/?nc1=f_cc\" target=\"_blank\" rel=\"noopener\">https:\/\/aws.amazon.com\/es\/security\/?nc1=f_cc<\/a><\/p>\n\n\n\n<h2 class=\"wp-block-heading\">Derechos de propiedad intelectual y\/o industrial<\/h2>\n\n\n\n<p>Todos los contenidos de la web est\u00e1n protegidos por derechos de propiedad intelectual. Con car\u00e1cter enunciativo, que no limitativo, el dise\u00f1o gr\u00e1fico, c\u00f3digo fuente (salvo, logos, textos, gr\u00e1ficos, ilustraciones, fotograf\u00edas, C\u00f3digo de lenguaje, Software y dem\u00e1s elementos que aparecen en la web). Por ello, el usuario reconoce que la reproducci\u00f3n, distribuci\u00f3n, comercializaci\u00f3n, transformaci\u00f3n, y en general, cualquier otra forma de explotaci\u00f3n, por cualquier procedimiento, de todo o parte de los contenidos de esta web constituye una infracci\u00f3n de los derechos de propiedad intelectual y\/o industrial de&nbsp;<strong>3ipunt<\/strong>&nbsp;o del titular de los mismos.<\/p>\n\n\n\n<p>Las marcas o signos distintivos de cualquier clase contenidos en la web est\u00e1n asimismo protegidos por la ley.<\/p>\n\n\n\n<p>Bajo ning\u00fan concepto podr\u00e1 el usuario modificar o utilizar dicha propiedad intelectual o industrial de forma que su divulgaci\u00f3n suponga un perjuicio para&nbsp;<strong>3ipunt<\/strong>, en cuyo caso reclamar\u00e1 por los da\u00f1os y perjuicios derivados del uso indebido por parte de terceros de su propiedad intelectual e industrial.<\/p>\n\n\n\n<p><strong>3ipunt<\/strong>\u00a0no concede ninguna licencia o autorizaci\u00f3n de uso de ninguna clase sobre sus derechos de propiedad industrial y\/o intelectual o sobre cualquier otra propiedad o derecho relacionado con la web, los servicios o los contenidos.<\/p>\n\n\n\n<h2 class=\"wp-block-heading\">Avisos y revisiones<\/h2>\n\n\n\n<p>Si el usuario tiene cualquier duda en relaci\u00f3n con la privacidad de&nbsp;<strong>3ipunt<\/strong>, le rogamos nos env\u00ede un correo electr\u00f3nico a&nbsp;<a href=\"mailto:dataofficer@tresipunt.com\">dataofficer@tresipunt.com<\/a>, nos detalle su consulta y nosotros trataremos de resolverla.<\/p>\n\n\n\n<p><strong>3ipunt<\/strong>&nbsp;podr\u00e1 modificar y actualizar esta Pol\u00edtica de Privacidad en cualquier momento sin previo aviso. Por favor compruebe siempre que est\u00e1 al corriente de nuestra Pol\u00edtica de Privacidad, Pol\u00edtica de Cookies y de los T\u00e9rminos y condiciones de uso para estar informado en todo momento del contenido que se recopila a trav\u00e9s de la web, c\u00f3mo la usamos y las circunstancias bajo las cuales podr\u00edan revelarse a terceros. El usuario quedar\u00e1 obligado autom\u00e1ticamente por las condiciones de uso que se hallen vigentes en el momento en que acceda a la web, por lo que deber\u00e1 leer peri\u00f3dicamente el presente documento.<\/p>\n","protected":false},"excerpt":{"rendered":"<p>\u00c1mbito de aplicaci\u00f3n 3&amp;PUNT SOLUCIONS INFORM\u00c0TIQUES, S.L. (en adelante, \u00ab3ipunt\u00bb) se compromete a proteger la privacidad de sus clientes y de los usuarios que accedan a nuestra p\u00e1gina web&nbsp;https:\/\/tresipunt.com\/es\/&nbsp;(en adelante, [&hellip;]<\/p>\n","protected":false},"author":1,"featured_media":0,"parent":0,"menu_order":0,"comment_status":"closed","ping_status":"closed","template":"","meta":{"_acf_changed":false,"inline_featured_image":false,"advgb_blocks_editor_width":"","advgb_blocks_columns_visual_guide":"","site-sidebar-layout":"default","site-content-layout":"","ast-site-content-layout":"default","site-content-style":"default","site-sidebar-style":"default","ast-global-header-display":"","ast-banner-title-visibility":"","ast-main-header-display":"","ast-hfb-above-header-display":"","ast-hfb-below-header-display":"","ast-hfb-mobile-header-display":"","site-post-title":"","ast-breadcrumbs-content":"","ast-featured-img":"","footer-sml-layout":"","ast-disable-related-posts":"","theme-transparent-header-meta":"","adv-header-id-meta":"","stick-header-meta":"","header-above-stick-meta":"","header-main-stick-meta":"","header-below-stick-meta":"","astra-migrate-meta-layouts":"default","ast-page-background-enabled":"default","ast-page-background-meta":{"desktop":{"background-color":"var(--ast-global-color-4)","background-image":"","background-repeat":"repeat","background-position":"center center","background-size":"auto","background-attachment":"scroll","background-type":"","background-media":"","overlay-type":"","overlay-color":"","overlay-opacity":"","overlay-gradient":""},"tablet":{"background-color":"","background-image":"","background-repeat":"repeat","background-position":"center center","background-size":"auto","background-attachment":"scroll","background-type":"","background-media":"","overlay-type":"","overlay-color":"","overlay-opacity":"","overlay-gradient":""},"mobile":{"background-color":"","background-image":"","background-repeat":"repeat","background-position":"center center","background-size":"auto","background-attachment":"scroll","background-type":"","background-media":"","overlay-type":"","overlay-color":"","overlay-opacity":"","overlay-gradient":""}},"ast-content-background-meta":{"desktop":{"background-color":"var(--ast-global-color-5)","background-image":"","background-repeat":"repeat","background-position":"center center","background-size":"auto","background-attachment":"scroll","background-type":"","background-media":"","overlay-type":"","overlay-color":"","overlay-opacity":"","overlay-gradient":""},"tablet":{"background-color":"var(--ast-global-color-5)","background-image":"","background-repeat":"repeat","background-position":"center center","background-size":"auto","background-attachment":"scroll","background-type":"","background-media":"","overlay-type":"","overlay-color":"","overlay-opacity":"","overlay-gradient":""},"mobile":{"background-color":"var(--ast-global-color-5)","background-image":"","background-repeat":"repeat","background-position":"center center","background-size":"auto","background-attachment":"scroll","background-type":"","background-media":"","overlay-type":"","overlay-color":"","overlay-opacity":"","overlay-gradient":""}},"_price":"","_stock":"","_tribe_ticket_header":"","_tribe_default_ticket_provider":"","_tribe_ticket_capacity":"0","_ticket_start_date":"","_ticket_end_date":"","_tribe_ticket_show_description":"","_tribe_ticket_show_not_going":false,"_tribe_ticket_use_global_stock":"","_tribe_ticket_global_stock_level":"","_global_stock_mode":"","_global_stock_cap":"","_tribe_rsvp_for_event":"","_tribe_ticket_going_count":"","_tribe_ticket_not_going_count":"","_tribe_tickets_list":"[]","_tribe_ticket_has_attendee_info_fields":false,"footnotes":""},"class_list":["post-3","page","type-page","status-publish","hentry"],"acf":[],"coauthors":[],"author_meta":{"author_link":"https:\/\/tresipunt.com\/es\/author\/admin_tresipunt\/","display_name":"admin_tresipunt"},"relative_dates":{"created":"Publicado 4 a\u00f1os hace","modified":"Actualizado 4 a\u00f1os hace"},"absolute_dates":{"created":"Publicado el 22 de agosto de 2022","modified":"Actualizado el 19 de septiembre de 2022"},"absolute_dates_time":{"created":"Publicado el 22 de agosto de 2022 19:05","modified":"Actualizado el 19 de septiembre de 2022 15:30"},"featured_img_caption":"","featured_img":false,"series_order":"","_links":{"self":[{"href":"https:\/\/tresipunt.com\/es\/wp-json\/wp\/v2\/pages\/3","targetHints":{"allow":["GET"]}}],"collection":[{"href":"https:\/\/tresipunt.com\/es\/wp-json\/wp\/v2\/pages"}],"about":[{"href":"https:\/\/tresipunt.com\/es\/wp-json\/wp\/v2\/types\/page"}],"author":[{"embeddable":true,"href":"https:\/\/tresipunt.com\/es\/wp-json\/wp\/v2\/users\/1"}],"replies":[{"embeddable":true,"href":"https:\/\/tresipunt.com\/es\/wp-json\/wp\/v2\/comments?post=3"}],"version-history":[{"count":3,"href":"https:\/\/tresipunt.com\/es\/wp-json\/wp\/v2\/pages\/3\/revisions"}],"predecessor-version":[{"id":11729,"href":"https:\/\/tresipunt.com\/es\/wp-json\/wp\/v2\/pages\/3\/revisions\/11729"}],"wp:attachment":[{"href":"https:\/\/tresipunt.com\/es\/wp-json\/wp\/v2\/media?parent=3"}],"curies":[{"name":"wp","href":"https:\/\/api.w.org\/{rel}","templated":true}]}}