{"id":41117,"date":"2025-11-06T08:48:51","date_gmt":"2025-11-06T07:48:51","guid":{"rendered":"https:\/\/tresipunt.com\/?page_id=41117"},"modified":"2025-11-12T12:23:31","modified_gmt":"2025-11-12T11:23:31","slug":"moodle-administrator-qualification-maq","status":"publish","type":"page","link":"https:\/\/tresipunt.com\/es\/moodle-administrator-qualification-maq\/","title":{"rendered":"Moodle Administrator Qualification"},"content":{"rendered":"\n<div class=\"wp-block-cover alignfull\"><img loading=\"lazy\" decoding=\"async\" width=\"1924\" height=\"700\" class=\"wp-block-cover__image-background wp-image-632\" alt=\"\" src=\"https:\/\/tresipunt.com\/wp-content\/uploads\/2022\/09\/Fondo-banner-superior.jpg\" data-object-fit=\"cover\" srcset=\"https:\/\/tresipunt.com\/wp-content\/uploads\/2022\/09\/Fondo-banner-superior.jpg 1924w, https:\/\/tresipunt.com\/wp-content\/uploads\/2022\/09\/Fondo-banner-superior-300x109.jpg 300w, https:\/\/tresipunt.com\/wp-content\/uploads\/2022\/09\/Fondo-banner-superior-1024x373.jpg 1024w, https:\/\/tresipunt.com\/wp-content\/uploads\/2022\/09\/Fondo-banner-superior-768x279.jpg 768w, https:\/\/tresipunt.com\/wp-content\/uploads\/2022\/09\/Fondo-banner-superior-1536x559.jpg 1536w\" sizes=\"auto, (max-width: 1924px) 100vw, 1924px\" \/><span aria-hidden=\"true\" class=\"wp-block-cover__background has-background-dim-0 has-background-dim\"><\/span><div class=\"wp-block-cover__inner-container is-layout-flow wp-block-cover-is-layout-flow\">\n<div class=\"wp-block-columns is-layout-flex wp-container-core-columns-is-layout-28f84493 wp-block-columns-is-layout-flex\">\n<div class=\"wp-block-column is-vertically-aligned-center is-layout-flow wp-block-column-is-layout-flow\">\n<h1 class=\"wp-block-heading has-ast-global-color-5-color has-text-color has-link-color wp-elements-892a3b593103a9fd2f06111370d6978f\">Moodle Administrator Qualification<\/h1>\n\n\n\n<p class=\"has-ast-global-color-5-color has-text-color has-link-color wp-elements-ddc01f3b9d0d98618e89d33e7fb8e56e\">Somos facilitadores oficiales del <strong>MAQ<\/strong>, la certificaci\u00f3n que valida tus competencias t\u00e9cnicas en la gesti\u00f3n y optimizaci\u00f3n <br>de Moodle.<\/p>\n\n\n\n<div class=\"wp-block-buttons is-vertical is-nowrap is-layout-flex wp-container-core-buttons-is-layout-a88f3330 wp-block-buttons-is-layout-flex\">\n<div class=\"wp-block-button is-style-fill\"><a class=\"wp-block-button__link has-ast-global-color-0-color has-white-background-color has-text-color has-background wp-element-button\" href=\"https:\/\/tresipunt.com\/es\/contacto\/\" style=\"padding-top:var(--wp--preset--spacing--30);padding-right:var(--wp--preset--spacing--50);padding-bottom:var(--wp--preset--spacing--30);padding-left:var(--wp--preset--spacing--50)\">Contactar<\/a><\/div>\n<\/div>\n<\/div>\n\n\n\n<div class=\"wp-block-column is-layout-flow wp-block-column-is-layout-flow\">\n<figure class=\"wp-block-image size-full\"><img loading=\"lazy\" decoding=\"async\" width=\"2439\" height=\"1491\" src=\"https:\/\/tresipunt.com\/wp-content\/uploads\/2025\/11\/group_1000001343-1.webp\" alt=\"MAQ\" class=\"wp-image-41564\" srcset=\"https:\/\/tresipunt.com\/wp-content\/uploads\/2025\/11\/group_1000001343-1.webp 2439w, https:\/\/tresipunt.com\/wp-content\/uploads\/2025\/11\/group_1000001343-1-300x183.webp 300w, https:\/\/tresipunt.com\/wp-content\/uploads\/2025\/11\/group_1000001343-1-1024x626.webp 1024w, https:\/\/tresipunt.com\/wp-content\/uploads\/2025\/11\/group_1000001343-1-768x469.webp 768w, https:\/\/tresipunt.com\/wp-content\/uploads\/2025\/11\/group_1000001343-1-1536x939.webp 1536w, https:\/\/tresipunt.com\/wp-content\/uploads\/2025\/11\/group_1000001343-1-2048x1252.webp 2048w\" sizes=\"auto, (max-width: 2439px) 100vw, 2439px\" \/><\/figure>\n<\/div>\n<\/div>\n<\/div><\/div>\n\n\n\n<div class=\"wp-block-media-text alignwide is-stacked-on-mobile is-vertically-aligned-center\" style=\"padding-top:75px;padding-bottom:75px;grid-template-columns:41% auto\"><figure class=\"wp-block-media-text__media\"><img loading=\"lazy\" decoding=\"async\" width=\"1024\" height=\"629\" src=\"https:\/\/tresipunt.com\/wp-content\/uploads\/2025\/11\/ni_o_1_3-1-1024x629.webp\" alt=\"experiencia administrador moodle\" class=\"wp-image-41568 size-full\" srcset=\"https:\/\/tresipunt.com\/wp-content\/uploads\/2025\/11\/ni_o_1_3-1-1024x629.webp 1024w, https:\/\/tresipunt.com\/wp-content\/uploads\/2025\/11\/ni_o_1_3-1-300x184.webp 300w, https:\/\/tresipunt.com\/wp-content\/uploads\/2025\/11\/ni_o_1_3-1-768x472.webp 768w, https:\/\/tresipunt.com\/wp-content\/uploads\/2025\/11\/ni_o_1_3-1-1536x944.webp 1536w, https:\/\/tresipunt.com\/wp-content\/uploads\/2025\/11\/ni_o_1_3-1.webp 2040w\" sizes=\"auto, (max-width: 1024px) 100vw, 1024px\" \/><\/figure><div class=\"wp-block-media-text__content\">\n<h2 class=\"wp-block-heading\">Certifica tu experiencia\u2028como administrador Moodle<\/h2>\n\n\n\n<p>\u00bfLlevas tiempo gestionando Moodle LMS? Si ya cuentas con experiencia \u2028y quieres validar oficialmente tus competencias avanzadas, la certificaci\u00f3n <strong>Moodle Administrator Qualification (MAQ)<\/strong> es el siguiente paso en tu carrera.<\/p>\n\n\n\n<p>En 3ipunt, Moodle Premium Partner, te acompa\u00f1amos en el proceso para que obtengas tu certificaci\u00f3n y acredites tus conocimientos como administrador experto de Moodle.<\/p>\n<\/div><\/div>\n\n\n\n<div class=\"wp-block-media-text alignwide has-media-on-the-right is-stacked-on-mobile is-vertically-aligned-center\" style=\"padding-top:75px;padding-bottom:75px;grid-template-columns:auto 41%\"><div class=\"wp-block-media-text__content\">\n<h2 class=\"wp-block-heading\">\u00bfQu\u00e9 es el Moodle Administrator Qualification (MAQ)?<\/h2>\n\n\n\n<p>El<strong> MAQ<\/strong> es un programa de cualificaci\u00f3n dise\u00f1ado por <strong>Moodle HQ<\/strong> para administradores de <strong>Moodle LMS.<\/strong><\/p>\n\n\n\n<p>No se trata de una formaci\u00f3n tradicional, sino de un <strong>proceso de validaci\u00f3n de competencias,<\/strong> donde demostrar\u00e1s tu dominio en la gesti\u00f3n, optimizaci\u00f3n y mantenimiento de plataformas Moodle.<\/p>\n\n\n\n<p>El programa se basa en el <strong>marco DigCompLMSAdmin,<\/strong> desarrollado por el equipo central de Moodle, que define las competencias digitales esenciales para los administradores de sistemas LMS. <\/p>\n\n\n\n<p>Adem\u00e1s, la certificaci\u00f3n <strong>est\u00e1 disponible en castellano, catal\u00e1n e ingl\u00e9s,<\/strong> para que puedas completarla en el idioma que prefieras y demostrar tu experiencia de forma accesible y personalizada.<\/p>\n<\/div><figure class=\"wp-block-media-text__media\"><img loading=\"lazy\" decoding=\"async\" width=\"1024\" height=\"629\" src=\"https:\/\/tresipunt.com\/wp-content\/uploads\/2025\/11\/ni_o_1_3_3-1024x629.webp\" alt=\"qu\u00e9 es el MAQ\" class=\"wp-image-41571 size-full\" srcset=\"https:\/\/tresipunt.com\/wp-content\/uploads\/2025\/11\/ni_o_1_3_3-1024x629.webp 1024w, https:\/\/tresipunt.com\/wp-content\/uploads\/2025\/11\/ni_o_1_3_3-300x184.webp 300w, https:\/\/tresipunt.com\/wp-content\/uploads\/2025\/11\/ni_o_1_3_3-768x472.webp 768w, https:\/\/tresipunt.com\/wp-content\/uploads\/2025\/11\/ni_o_1_3_3-1536x944.webp 1536w, https:\/\/tresipunt.com\/wp-content\/uploads\/2025\/11\/ni_o_1_3_3.webp 2040w\" sizes=\"auto, (max-width: 1024px) 100vw, 1024px\" \/><\/figure><\/div>\n\n\n\n<div class=\"wp-block-group alignfull has-background is-layout-constrained wp-block-group-is-layout-constrained\" style=\"background-color:#e9e9e9\">\n<div class=\"inherit-container-width wp-block-group alignfull is-layout-constrained wp-block-group-is-layout-constrained\">\n<p class=\"has-text-align-center section-title h4 orange-square\"><strong>CLAVES<\/strong><\/p>\n\n\n\n<h2 class=\"wp-block-heading has-text-align-center\" style=\"margin-bottom:5px;font-size:34px\">\u00bfPor qu\u00e9 obtener la certificaci\u00f3n MAQ?<\/h2>\n\n\n\n<div style=\"height:64px\" aria-hidden=\"true\" class=\"wp-block-spacer\"><\/div>\n<\/div>\n\n\n\n<div class=\"wp-block-columns are-vertically-aligned-center is-layout-flex wp-container-core-columns-is-layout-28f84493 wp-block-columns-is-layout-flex\">\n<div class=\"wp-block-column is-vertically-aligned-center is-layout-flow wp-block-column-is-layout-flow\" style=\"flex-basis:40%\">\n<figure class=\"wp-block-image size-full is-resized has-custom-border\"><img loading=\"lazy\" decoding=\"async\" width=\"1320\" height=\"1104\" src=\"https:\/\/tresipunt.com\/wp-content\/uploads\/2025\/11\/app-1.webp\" alt=\"obtener certificaci\u00f3n maq\" class=\"wp-image-41574\" style=\"border-radius:10px;width:367px;height:auto\" srcset=\"https:\/\/tresipunt.com\/wp-content\/uploads\/2025\/11\/app-1.webp 1320w, https:\/\/tresipunt.com\/wp-content\/uploads\/2025\/11\/app-1-300x251.webp 300w, https:\/\/tresipunt.com\/wp-content\/uploads\/2025\/11\/app-1-1024x856.webp 1024w, https:\/\/tresipunt.com\/wp-content\/uploads\/2025\/11\/app-1-768x642.webp 768w\" sizes=\"auto, (max-width: 1320px) 100vw, 1320px\" \/><\/figure>\n<\/div>\n\n\n\n<div class=\"wp-block-column is-vertically-aligned-center is-layout-flow wp-block-column-is-layout-flow\" style=\"flex-basis:90%\">\n<div class=\"wp-block-columns is-layout-flex wp-container-core-columns-is-layout-28f84493 wp-block-columns-is-layout-flex\">\n<div class=\"wp-block-column is-vertically-aligned-center is-layout-flow wp-block-column-is-layout-flow\">\n<div class=\"wp-block-media-text is-stacked-on-mobile is-vertically-aligned-top mediatext-icon\" style=\"grid-template-columns:15% auto\"><figure class=\"wp-block-media-text__media\"><img loading=\"lazy\" decoding=\"async\" width=\"57\" height=\"63\" src=\"https:\/\/tresipunt.com\/wp-content\/uploads\/2025\/10\/Capa-2.png\" alt=\"\" class=\"wp-image-41148 size-full\"\/><\/figure><div class=\"wp-block-media-text__content\">\n<p><strong>Acredita tu experiencia<\/strong><\/p>\n\n\n\n<p>El MAQ valida tus conocimientos \u2028avanzados en Moodle, diferenci\u00e1ndote como un administrador cualificado \u2028y reconocido internacionalmente.<\/p>\n<\/div><\/div>\n<\/div>\n\n\n\n<div class=\"wp-block-column is-vertically-aligned-center is-layout-flow wp-block-column-is-layout-flow\">\n<div class=\"wp-block-media-text is-stacked-on-mobile is-vertically-aligned-top mediatext-icon\" style=\"grid-template-columns:15% auto\"><figure class=\"wp-block-media-text__media\"><img loading=\"lazy\" decoding=\"async\" width=\"117\" height=\"108\" src=\"https:\/\/tresipunt.com\/wp-content\/uploads\/2025\/10\/web_evolutivos.png\" alt=\"\" class=\"wp-image-41134 size-full\"\/><\/figure><div class=\"wp-block-media-text__content\">\n<p><strong>Optimiza tu plataforma Moodle<\/strong><\/p>\n\n\n\n<p>Aprende a mejorar el rendimiento, la seguridad y la experiencia de usuario de tu sitio Moodle para maximizar su impacto dentro de tu organizaci\u00f3n.<\/p>\n<\/div><\/div>\n<\/div>\n<\/div>\n\n\n\n<div style=\"height:29px\" aria-hidden=\"true\" class=\"wp-block-spacer\"><\/div>\n\n\n\n<div class=\"wp-block-columns is-layout-flex wp-container-core-columns-is-layout-28f84493 wp-block-columns-is-layout-flex\">\n<div class=\"wp-block-column is-vertically-aligned-center is-layout-flow wp-block-column-is-layout-flow\">\n<div class=\"wp-block-media-text is-stacked-on-mobile is-vertically-aligned-top mediatext-icon\" style=\"grid-template-columns:15% auto\"><figure class=\"wp-block-media-text__media\"><img loading=\"lazy\" decoding=\"async\" width=\"91\" height=\"91\" src=\"https:\/\/tresipunt.com\/wp-content\/uploads\/2025\/10\/contenidos_factoria.png\" alt=\"\" class=\"wp-image-41145 size-full\"\/><\/figure><div class=\"wp-block-media-text__content\">\n<p><strong>Mantente actualizado<\/strong><\/p>\n\n\n\n<p>El programa refleja las \u00faltimas innovaciones en Moodle y tecnolog\u00eda educativa, garantizando que tus competencias est\u00e9n <br>siempre al d\u00eda.<\/p>\n<\/div><\/div>\n<\/div>\n\n\n\n<div class=\"wp-block-column is-vertically-aligned-center is-layout-flow wp-block-column-is-layout-flow\">\n<div class=\"wp-block-media-text is-stacked-on-mobile is-vertically-aligned-top mediatext-icon\" style=\"grid-template-columns:15% auto\"><figure class=\"wp-block-media-text__media\"><img loading=\"lazy\" decoding=\"async\" width=\"127\" height=\"126\" src=\"https:\/\/tresipunt.com\/wp-content\/uploads\/2025\/10\/gamificacion_narrativa.png\" alt=\"\" class=\"wp-image-41131 size-full\"\/><\/figure><div class=\"wp-block-media-text__content\">\n<p><strong>Impulsa tu carrera profesional<\/strong><\/p>\n\n\n\n<p>Con una certificaci\u00f3n oficial respaldada por Moodle HQ, mejorar\u00e1s tu perfil profesional y abrir\u00e1s nuevas oportunidades laborales en el \u00e1mbito <br>del e-learning.<\/p>\n<\/div><\/div>\n<\/div>\n<\/div>\n<\/div>\n<\/div>\n<\/div>\n\n\n\n<div class=\"wp-block-cover alignfull is-light\" style=\"min-height:239px;aspect-ratio:unset;\"><img loading=\"lazy\" decoding=\"async\" width=\"1920\" height=\"301\" class=\"wp-block-cover__image-background wp-image-41159 size-full\" alt=\"\" src=\"https:\/\/tresipunt.com\/wp-content\/uploads\/2025\/10\/banner.png\" style=\"object-position:45% 48%\" data-object-fit=\"cover\" data-object-position=\"45% 48%\" srcset=\"https:\/\/tresipunt.com\/wp-content\/uploads\/2025\/10\/banner.png 1920w, https:\/\/tresipunt.com\/wp-content\/uploads\/2025\/10\/banner-300x47.png 300w, https:\/\/tresipunt.com\/wp-content\/uploads\/2025\/10\/banner-1024x161.png 1024w, https:\/\/tresipunt.com\/wp-content\/uploads\/2025\/10\/banner-768x120.png 768w, https:\/\/tresipunt.com\/wp-content\/uploads\/2025\/10\/banner-1536x241.png 1536w\" sizes=\"auto, (max-width: 1920px) 100vw, 1920px\" \/><span aria-hidden=\"true\" class=\"wp-block-cover__background has-background-dim-0 has-background-dim\" style=\"background-color:#f88723\"><\/span><div class=\"wp-block-cover__inner-container is-layout-flow wp-block-cover-is-layout-flow\">\n<h2 class=\"wp-block-heading has-ast-global-color-5-color has-text-color has-link-color wp-elements-f7efe6a60c7d0e36a4becddbe4d5d537\">\u00bfQuieres obtener el certificado del MAQ?<\/h2>\n\n\n\n<div style=\"height:20px\" aria-hidden=\"true\" class=\"wp-block-spacer\"><\/div>\n\n\n\n<div class=\"wp-block-buttons is-vertical is-nowrap is-layout-flex wp-container-core-buttons-is-layout-a88f3330 wp-block-buttons-is-layout-flex\">\n<div class=\"wp-block-button is-style-fill\"><a class=\"wp-block-button__link has-ast-global-color-0-color has-white-background-color has-text-color has-background wp-element-button\" href=\"https:\/\/tresipunt.com\/es\/contacto\/\" style=\"padding-top:var(--wp--preset--spacing--30);padding-right:var(--wp--preset--spacing--50);padding-bottom:var(--wp--preset--spacing--30);padding-left:var(--wp--preset--spacing--50)\">Contactar<\/a><\/div>\n<\/div>\n<\/div><\/div>\n\n\n\n<div class=\"wp-block-group alignwide is-layout-constrained wp-block-group-is-layout-constrained\" style=\"padding-top:var(--wp--preset--spacing--80);padding-bottom:var(--wp--preset--spacing--80)\">\n<div class=\"wp-block-group is-layout-constrained wp-block-group-is-layout-constrained\">\n<h2 class=\"wp-block-heading has-text-align-center section-title h4 orange-square\">Estructura<\/h2>\n\n\n\n<h3 class=\"wp-block-heading has-text-align-center\" style=\"font-size:34px\">Estructura del programa MAQ<\/h3>\n\n\n\n<p class=\"has-text-align-center\">El programa est\u00e1 compuesto por <strong>ocho m\u00f3dulos<\/strong> que cubren todas las \u00e1reas clave de la administraci\u00f3n Moodle<\/p>\n\n\n\n<div style=\"height:50px\" aria-hidden=\"true\" class=\"wp-block-spacer\"><\/div>\n<\/div>\n\n\n\n<div class=\"wp-block-columns col-bloque-seo is-layout-flex wp-container-core-columns-is-layout-28f84493 wp-block-columns-is-layout-flex\">\n<div class=\"wp-block-column is-layout-flow wp-container-core-column-is-layout-5a9dad93 wp-block-column-is-layout-flow\" style=\"border-left-color:var(--wp--preset--color--luminous-vivid-orange);border-left-width:4px;padding-right:var(--wp--preset--spacing--40);padding-left:var(--wp--preset--spacing--40)\">\n<p>1. <strong>Implementaci\u00f3n<\/strong>: instalaci\u00f3n, seguridad y pol\u00edticas.<\/p>\n\n\n\n<p>2. <strong>Mantenimiento y soporte:<\/strong> actualizaciones, rendimiento \u2028y asistencia a usuarios.\u2028<\/p>\n\n\n\n<p>3. <strong>Estructura del sitio:<\/strong> organizaci\u00f3n de cursos y categor\u00edas.\u2028<\/p>\n\n\n\n<p>4. <strong>Gesti\u00f3n de usuarios:<\/strong> autenticaci\u00f3n, roles y permisos.<\/p>\n<\/div>\n\n\n\n<div class=\"wp-block-column is-layout-flow wp-block-column-is-layout-flow\" style=\"border-left-color:var(--wp--preset--color--luminous-vivid-orange);border-left-width:4px;padding-left:var(--wp--preset--spacing--40)\">\n<p>5. <strong>Apariencia y funcionalidad:<\/strong> dise\u00f1o, accesibilidad y compatibilidad m\u00f3vil.\u2028<\/p>\n\n\n\n<p>6. <strong>Monitorizaci\u00f3n:<\/strong> anal\u00edtica, informes y seguimiento de eventos.\u2028<\/p>\n\n\n\n<p>7. <strong>Plugins y extensiones:<\/strong> integraci\u00f3n y gesti\u00f3n de complementos.\u2028<\/p>\n\n\n\n<p>8. <strong>Pr\u00e1ctica profesional:<\/strong> participaci\u00f3n en la comunidad y mejora continua.<\/p>\n<\/div>\n<\/div>\n\n\n\n<div style=\"height:37px\" aria-hidden=\"true\" class=\"wp-block-spacer\"><\/div>\n\n\n\n<p class=\"has-text-align-center\">Cada m\u00f3dulo incluye evaluaciones formativas, cuestionarios y actividades pr\u00e1cticas. Al completar los ocho cursos, obtendr\u00e1s la <strong>certificaci\u00f3n oficial Moodle Administrator Qualification<\/strong> y tu<strong> insignia digital<\/strong> correspondiente.<\/p>\n<\/div>\n\n\n\n<h2 class=\"wp-block-heading has-text-align-center section-title h4 orange-square\">Estudiante<\/h2>\n\n\n\n<div class=\"wp-block-media-text alignwide is-stacked-on-mobile is-vertically-aligned-center\" style=\"padding-top:20px;padding-bottom:80px;grid-template-columns:41% auto\"><figure class=\"wp-block-media-text__media\"><img loading=\"lazy\" decoding=\"async\" width=\"1024\" height=\"578\" src=\"https:\/\/tresipunt.com\/wp-content\/uploads\/2025\/11\/joven_sentado_en_cafe_con_computador_portatil_1-1-1024x578.webp\" alt=\"certificaci\u00f3n maq\" class=\"wp-image-41577 size-full\" srcset=\"https:\/\/tresipunt.com\/wp-content\/uploads\/2025\/11\/joven_sentado_en_cafe_con_computador_portatil_1-1-1024x578.webp 1024w, https:\/\/tresipunt.com\/wp-content\/uploads\/2025\/11\/joven_sentado_en_cafe_con_computador_portatil_1-1-300x169.webp 300w, https:\/\/tresipunt.com\/wp-content\/uploads\/2025\/11\/joven_sentado_en_cafe_con_computador_portatil_1-1-768x434.webp 768w, https:\/\/tresipunt.com\/wp-content\/uploads\/2025\/11\/joven_sentado_en_cafe_con_computador_portatil_1-1-1536x867.webp 1536w, https:\/\/tresipunt.com\/wp-content\/uploads\/2025\/11\/joven_sentado_en_cafe_con_computador_portatil_1-1.webp 2040w\" sizes=\"auto, (max-width: 1024px) 100vw, 1024px\" \/><\/figure><div class=\"wp-block-media-text__content\">\n<h2 class=\"wp-block-heading\">Obt\u00e9n tu certificaci\u00f3n MAQ con 3ipunt<\/h2>\n\n\n\n<p>En 3ipunt te ayudamos a dar el paso definitivo para convertirte en un <strong>administrador Moodle certificado<\/strong>:<\/p>\n\n\n\n<ul class=\"wp-block-list ml-0\">\n<li>Te orientamos en la inscripci\u00f3n y los requisitos previos.<\/li>\n\n\n\n<li>Te acompa\u00f1amos durante el proceso de cualificaci\u00f3n.<\/li>\n\n\n\n<li>Te ofrecemos soporte t\u00e9cnico y pedag\u00f3gico con la garant\u00eda de un Moodle Premium Partner.<\/li>\n<\/ul>\n\n\n\n<div class=\"wp-block-buttons is-vertical is-nowrap is-layout-flex wp-container-core-buttons-is-layout-a88f3330 wp-block-buttons-is-layout-flex\">\n<div class=\"wp-block-button is-style-fill\"><a class=\"wp-block-button__link has-ast-global-color-5-color has-ast-global-color-0-background-color has-text-color has-background wp-element-button\" href=\"https:\/\/tresipunt.com\/es\/contacto\/\" style=\"padding-top:var(--wp--preset--spacing--30);padding-right:var(--wp--preset--spacing--50);padding-bottom:var(--wp--preset--spacing--30);padding-left:var(--wp--preset--spacing--50)\">Contactar<\/a><\/div>\n<\/div>\n<\/div><\/div>\n","protected":false},"excerpt":{"rendered":"<p>Certifica tu experiencia\u2028como administrador Moodle \u00bfLlevas tiempo gestionando Moodle LMS? Si ya cuentas con experiencia \u2028y quieres validar oficialmente tus competencias avanzadas, la certificaci\u00f3n Moodle Administrator Qualification (MAQ) es el [&hellip;]<\/p>\n","protected":false},"author":1,"featured_media":0,"parent":0,"menu_order":0,"comment_status":"closed","ping_status":"closed","template":"","meta":{"_acf_changed":false,"inline_featured_image":false,"advgb_blocks_editor_width":"","advgb_blocks_columns_visual_guide":"","site-sidebar-layout":"default","site-content-layout":"","ast-site-content-layout":"default","site-content-style":"default","site-sidebar-style":"default","ast-global-header-display":"","ast-banner-title-visibility":"","ast-main-header-display":"","ast-hfb-above-header-display":"","ast-hfb-below-header-display":"","ast-hfb-mobile-header-display":"","site-post-title":"disabled","ast-breadcrumbs-content":"","ast-featured-img":"","footer-sml-layout":"","ast-disable-related-posts":"","theme-transparent-header-meta":"","adv-header-id-meta":"","stick-header-meta":"","header-above-stick-meta":"","header-main-stick-meta":"","header-below-stick-meta":"","astra-migrate-meta-layouts":"set","ast-page-background-enabled":"default","ast-page-background-meta":{"desktop":{"background-color":"var(--ast-global-color-4)","background-image":"","background-repeat":"repeat","background-position":"center center","background-size":"auto","background-attachment":"scroll","background-type":"","background-media":"","overlay-type":"","overlay-color":"","overlay-opacity":"","overlay-gradient":""},"tablet":{"background-color":"","background-image":"","background-repeat":"repeat","background-position":"center center","background-size":"auto","background-attachment":"scroll","background-type":"","background-media":"","overlay-type":"","overlay-color":"","overlay-opacity":"","overlay-gradient":""},"mobile":{"background-color":"","background-image":"","background-repeat":"repeat","background-position":"center center","background-size":"auto","background-attachment":"scroll","background-type":"","background-media":"","overlay-type":"","overlay-color":"","overlay-opacity":"","overlay-gradient":""}},"ast-content-background-meta":{"desktop":{"background-color":"var(--ast-global-color-5)","background-image":"","background-repeat":"repeat","background-position":"center center","background-size":"auto","background-attachment":"scroll","background-type":"","background-media":"","overlay-type":"","overlay-color":"","overlay-opacity":"","overlay-gradient":""},"tablet":{"background-color":"var(--ast-global-color-5)","background-image":"","background-repeat":"repeat","background-position":"center center","background-size":"auto","background-attachment":"scroll","background-type":"","background-media":"","overlay-type":"","overlay-color":"","overlay-opacity":"","overlay-gradient":""},"mobile":{"background-color":"var(--ast-global-color-5)","background-image":"","background-repeat":"repeat","background-position":"center center","background-size":"auto","background-attachment":"scroll","background-type":"","background-media":"","overlay-type":"","overlay-color":"","overlay-opacity":"","overlay-gradient":""}},"_price":"","_stock":"","_tribe_ticket_header":"","_tribe_default_ticket_provider":"","_tribe_ticket_capacity":"0","_ticket_start_date":"","_ticket_end_date":"","_tribe_ticket_show_description":"","_tribe_ticket_show_not_going":false,"_tribe_ticket_use_global_stock":"","_tribe_ticket_global_stock_level":"","_global_stock_mode":"","_global_stock_cap":"","_tribe_rsvp_for_event":"","_tribe_ticket_going_count":"","_tribe_ticket_not_going_count":"","_tribe_tickets_list":"[]","_tribe_ticket_has_attendee_info_fields":false,"footnotes":""},"class_list":["post-41117","page","type-page","status-publish","hentry"],"acf":[],"coauthors":[],"author_meta":{"author_link":"https:\/\/tresipunt.com\/es\/author\/admin_tresipunt\/","display_name":"admin_tresipunt"},"relative_dates":{"created":"Publicado 5 meses hace","modified":"Actualizado 5 meses hace"},"absolute_dates":{"created":"Publicado el 6 de noviembre de 2025","modified":"Actualizado el 12 de noviembre de 2025"},"absolute_dates_time":{"created":"Publicado el 6 de noviembre de 2025 08:48","modified":"Actualizado el 12 de noviembre de 2025 12:23"},"featured_img_caption":"","featured_img":false,"series_order":"","_links":{"self":[{"href":"https:\/\/tresipunt.com\/es\/wp-json\/wp\/v2\/pages\/41117","targetHints":{"allow":["GET"]}}],"collection":[{"href":"https:\/\/tresipunt.com\/es\/wp-json\/wp\/v2\/pages"}],"about":[{"href":"https:\/\/tresipunt.com\/es\/wp-json\/wp\/v2\/types\/page"}],"author":[{"embeddable":true,"href":"https:\/\/tresipunt.com\/es\/wp-json\/wp\/v2\/users\/1"}],"replies":[{"embeddable":true,"href":"https:\/\/tresipunt.com\/es\/wp-json\/wp\/v2\/comments?post=41117"}],"version-history":[{"count":4,"href":"https:\/\/tresipunt.com\/es\/wp-json\/wp\/v2\/pages\/41117\/revisions"}],"predecessor-version":[{"id":41580,"href":"https:\/\/tresipunt.com\/es\/wp-json\/wp\/v2\/pages\/41117\/revisions\/41580"}],"wp:attachment":[{"href":"https:\/\/tresipunt.com\/es\/wp-json\/wp\/v2\/media?parent=41117"}],"curies":[{"name":"wp","href":"https:\/\/api.w.org\/{rel}","templated":true}]}}